{"id":11,"date":"2010-01-01T13:51:38","date_gmt":"2010-01-01T13:51:38","guid":{"rendered":"http:\/\/www.persoenlichkeitsberatung.ch\/backstage\/?page_id=11"},"modified":"2011-12-05T14:40:29","modified_gmt":"2011-12-05T13:40:29","slug":"farb-stilberatung","status":"publish","type":"page","link":"http:\/\/www.persoenlichkeitsberatung.ch\/?page_id=11","title":{"rendered":"Farb- &#038; Stilberatung"},"content":{"rendered":"<blockquote><p><em>Der Mensch kann nicht zu neuen Ufern aufbrechen, wenn er nicht den Mut aufbringt, die alten zu verlassen.<\/em><br \/>\n(Andr\u00e9 Gide)<\/p><\/blockquote>\n<p><strong>Sind Sie mit Ihrem Aussehen zufrieden?<\/strong><\/p>\n<h3>Mit der \u00e4usseren Gestaltung Ihrer Erscheinung modellieren Sie Ihre Ausstrahlung und erh\u00f6hen Ihre Kommunikationsf\u00e4higkeit!<\/h3>\n<p>Die richtigen Farben lassen Sie frischer aussehen. Sie wirken selbstsicher und unternehmungslustig.<\/p>\n<p>Der passende Kleiderstil umschmeichelt Ihre Figur und setzt am richtigen Ort Akzente.<\/p>\n<p>Mit den passenden Kleiderfarben und dem richtigen Modestil unterstreichen Sie bewusst und pr\u00e4gnant Ihr Pers\u00f6nlichkeitsprofil. Freuen Sie sich auf Ihre neu entdeckte Ausstrahlung!<\/p>\n<h4>Freuen Sie sich auf das Spiel mit Farben, Modestilen, Mustern und Accessoires.<\/h4>\n<p><img decoding=\"async\" onmouseover=\"this.src='..\/img\/pink\/richtig.falsch.1.jpg'; document.pn.src='..\/img\/pink\/negativ.1.gif';\" onmouseout=\"this.src='..\/img\/pink\/richtig.falsch.0.jpg'; document.pn.src='..\/img\/pink\/negativ.0.gif';\" src=\"..\/..\/img\/pink\/richtig.falsch.0.jpg\" alt=\"\" \/><img decoding=\"async\" id=\"pn\" src=\"..\/..\/img\/pink\/negativ.0.gif\" alt=\"\" \/><\/p>\n<p><strong>Lassen Sie sich vom Blick in den Spiegel \u00fcberraschen!<\/strong><\/p>\n<p><strong>Setzen Sie sich ins rechte Licht!<\/strong><\/p>\n<p><strong>Analyse:<\/strong> Ihre pers\u00f6nliche Farbpalette (aus 24 Paletten) Ihr passender Modestil<\/p>\n<p><strong>Synthese:<\/strong><a href=\"?page_id=6\"> <strong>P<\/strong>.ersonal <strong>C<\/strong>.orporate <strong>I<\/strong>.dentity<\/a> (Pers\u00f6nlichkeitsprofil)<\/p>\n<p>F\u00fcr Preise siehe <a href=\"?page_id=23\">Kontakt<\/a><\/p>\n<p>Auch Geschenkgutscheine erh\u00e4ltlich:<\/p>\n<p><a href=\"http:\/\/www.persoenlichkeitsberatung.ch\/wp-content\/uploads\/gutschein-farb1.jpg\"><img loading=\"lazy\" decoding=\"async\" class=\"alignleft size-full wp-image-1569\" title=\"gutschein-farb1\" src=\"http:\/\/www.persoenlichkeitsberatung.ch\/wp-content\/uploads\/gutschein-farb1.jpg\" alt=\"\" width=\"413\" height=\"578\" srcset=\"http:\/\/www.persoenlichkeitsberatung.ch\/wp-content\/uploads\/gutschein-farb1.jpg 413w, http:\/\/www.persoenlichkeitsberatung.ch\/wp-content\/uploads\/gutschein-farb1-357x500.jpg 357w\" sizes=\"(max-width: 413px) 100vw, 413px\" \/><\/a><\/p>\n<p><a href=\"http:\/\/www.persoenlichkeitsberatung.ch\/wp-content\/uploads\/gutschein-farb2.jpg\"><img loading=\"lazy\" decoding=\"async\" class=\"alignleft size-full wp-image-1570\" title=\"gutschein-farb2\" src=\"http:\/\/www.persoenlichkeitsberatung.ch\/wp-content\/uploads\/gutschein-farb2.jpg\" alt=\"\" width=\"413\" height=\"578\" srcset=\"http:\/\/www.persoenlichkeitsberatung.ch\/wp-content\/uploads\/gutschein-farb2.jpg 413w, http:\/\/www.persoenlichkeitsberatung.ch\/wp-content\/uploads\/gutschein-farb2-357x500.jpg 357w\" sizes=\"(max-width: 413px) 100vw, 413px\" \/><\/a><a href=\"http:\/\/www.persoenlichkeitsberatung.ch\/wp-content\/uploads\/gutschein-stil.jpg\"><img loading=\"lazy\" decoding=\"async\" class=\"alignleft size-full wp-image-1571\" title=\"gutschein-stil\" src=\"http:\/\/www.persoenlichkeitsberatung.ch\/wp-content\/uploads\/gutschein-stil.jpg\" alt=\"\" width=\"413\" height=\"578\" srcset=\"http:\/\/www.persoenlichkeitsberatung.ch\/wp-content\/uploads\/gutschein-stil.jpg 413w, http:\/\/www.persoenlichkeitsberatung.ch\/wp-content\/uploads\/gutschein-stil-357x500.jpg 357w\" sizes=\"(max-width: 413px) 100vw, 413px\" \/><\/a><\/p>\n","protected":false},"excerpt":{"rendered":"<p>Der Mensch kann nicht zu neuen Ufern aufbrechen, wenn er nicht den Mut aufbringt, die alten zu verlassen. (Andr\u00e9 Gide) Sind Sie mit Ihrem Aussehen zufrieden? Mit der \u00e4usseren Gestaltung Ihrer Erscheinung modellieren Sie Ihre Ausstrahlung und erh\u00f6hen Ihre Kommunikationsf\u00e4higkeit! Die richtigen Farben lassen Sie frischer aussehen. Sie wirken selbstsicher und unternehmungslustig. Der passende Kleiderstil [&hellip;]<\/p>\n","protected":false},"author":1,"featured_media":0,"parent":0,"menu_order":1,"comment_status":"open","ping_status":"open","template":"","meta":{"footnotes":""},"_links":{"self":[{"href":"http:\/\/www.persoenlichkeitsberatung.ch\/index.php?rest_route=\/wp\/v2\/pages\/11"}],"collection":[{"href":"http:\/\/www.persoenlichkeitsberatung.ch\/index.php?rest_route=\/wp\/v2\/pages"}],"about":[{"href":"http:\/\/www.persoenlichkeitsberatung.ch\/index.php?rest_route=\/wp\/v2\/types\/page"}],"author":[{"embeddable":true,"href":"http:\/\/www.persoenlichkeitsberatung.ch\/index.php?rest_route=\/wp\/v2\/users\/1"}],"replies":[{"embeddable":true,"href":"http:\/\/www.persoenlichkeitsberatung.ch\/index.php?rest_route=%2Fwp%2Fv2%2Fcomments&post=11"}],"version-history":[{"count":10,"href":"http:\/\/www.persoenlichkeitsberatung.ch\/index.php?rest_route=\/wp\/v2\/pages\/11\/revisions"}],"predecessor-version":[{"id":1573,"href":"http:\/\/www.persoenlichkeitsberatung.ch\/index.php?rest_route=\/wp\/v2\/pages\/11\/revisions\/1573"}],"wp:attachment":[{"href":"http:\/\/www.persoenlichkeitsberatung.ch\/index.php?rest_route=%2Fwp%2Fv2%2Fmedia&parent=11"}],"curies":[{"name":"wp","href":"https:\/\/api.w.org\/{rel}","templated":true}]}}