{"id":1187,"date":"2011-08-01T14:20:30","date_gmt":"2011-08-01T13:20:30","guid":{"rendered":"http:\/\/www.persoenlichkeitsberatung.ch\/?page_id=1187"},"modified":"2018-01-09T19:40:18","modified_gmt":"2018-01-09T18:40:18","slug":"kurse-und-seminare","status":"publish","type":"page","link":"http:\/\/www.persoenlichkeitsberatung.ch\/?page_id=1187","title":{"rendered":"<a id=\"oben\"><\/a>Programm Kurse und Seminare"},"content":{"rendered":"<p><span style=\"color: #999999; font-size: 1.17em;\"><strong>Kursprogramm 2018<\/strong><\/span><\/p>\n<p><span style=\"font-weight: bold; color: #999999;\">25. <\/span><span style=\"color: #999999;\">oder<\/span><span style=\"font-weight: bold; color: #999999;\"> 26. <\/span><span style=\"color: #999999;\">oder <\/span><span style=\"font-weight: bold; color: #999999;\">27. Mai <\/span><span style=\"color: #999999;\">(zur Rosenbl\u00fcte):<\/span><span style=\"font-weight: bold; color: #999999;\"> <\/span><br \/>\n<span style=\"font-weight: bold; color: #999999;\">&#8222;<span style=\"text-decoration: underline;\">Subjektive Farbkl\u00e4nge<\/span>&#8220; <\/span><span style=\"color: #999999;\"><em>Fr. 250.- <\/em><a href=\"#subjektivefarbklaenge\">(Flyer unten)<\/a><\/span><br \/>\n<span style=\"color: #999999;\">3 Daten zur Auswahl f\u00fcr den 1-t\u00e4gigen Kurs. <\/span><span style=\"color: #999999;\">In diesem Crash Kurs f\u00fcr kreativ Beratende und Gestaltende zum Thema \u201eSubjektive Farbkl\u00e4nge\u201c besch\u00e4ftigen wir uns mit den pers\u00f6nlichen Farben unserer Kundinnen und Kunden sowie den daraus resultierenden Bed\u00fcrfnissen.<br \/>\nBesonders empfehlenswert f\u00fcr Arbeitsgruppen!<\/span><\/p>\n<p><span style=\"color: #999999;\"><strong>14.\/15.\/16. Juni<\/strong> (zur Rosenbl\u00fcte) oder<strong> 12.\/13.\/14. Juli:<\/strong><\/span><br \/>\n<span style=\"color: #999999;\"><strong>&#8222;<span style=\"text-decoration: underline;\">Was uns Gesichter erz\u00e4hlen<\/span><\/strong>&#8222;<em> Fr. 680.- <\/em><a href=\"#flyergesichter\">(Flyer unten)<\/a><br \/>\n2 Daten zur Auswahl f\u00fcr den 3-t\u00e4gigen Sommerkurs zur Formen- und Ausdruckssprache des Gesichtes. In diesem Einf\u00fchrungskurs in die physiognomische Menschenkenntnis erfahren wir die Grundlagen zur Naturelllehre nach Carl Huter.<\/span><\/p>\n<p><span style=\"color: #999999;\">Kurse zu weiteren Themen aus meinem Arbeitsbereich auf Anfrage.<\/span><\/p>\n<p><span style=\"color: #999999;\">________________________________________________________<\/span><\/p>\n<p><span style=\"color: #999999; font-size: 1.17em;\"><strong>Kursprogramm 2017<\/strong><\/span><\/p>\n<p><span style=\"color: #999999;\"><strong>21. Januar \u201e<span style=\"text-decoration: underline;\">Was uns Gesichter erz\u00e4hlen<\/span>&#8220; Workshop <\/strong><\/span><\/p>\n<div><strong> <span style=\"color: #999999;\">28. Januar \u201e<span style=\"text-decoration: underline;\">Subjektive Farbkl\u00e4nge<\/span>&#8220; Workshop<\/span><\/strong><\/div>\n<p><span style=\"color: #999999;\">________________________________________________________<\/span><\/p>\n<h3><span style=\"color: #999999;\">Kursprogramm 2013<\/span><\/h3>\n<p><span style=\"color: #999999;\"><span style=\"color: #999999;\"><strong>6.\/7. September<\/strong> <strong>\u201e<\/strong><span style=\"text-decoration: underline;\"><strong>Farbe und Ich<\/strong><\/span><strong>\u201c<\/strong> <em>Fr. 400.- <\/em><a href=\"#flyerfarbeundich\">(Flyer unten)<\/a><\/span><br \/>\nGemeinschaftsprojekt mit der bildenden K\u00fcnstlerin Claudia Eichenberger.  Wir entdecken bei einer pers\u00f6nlichen Farbberatung, welche Farben gut zu  uns passen und welche weniger vorteilhaft sind. Mit Claudia Eichenberger  sensibilisieren wir uns f\u00fcr Farben und deren Nuancen beim Farbenmischen.<\/span><\/p>\n<p><span style=\"color: #999999;\">_______________________________________________________<\/span><\/p>\n<h3><span style=\"color: #999999;\">Kursprogramm 2012<\/span><\/h3>\n<p><span style=\"color: #999999;\"><strong>4. Februar<\/strong> * <span style=\"text-decoration: underline;\"><strong>Die Korrespondenzachsen: Haare &amp; Frisuren<\/strong><\/span> <em> Fr. 170.-<\/em><br \/>\nIntuitiv betonen wir bei speziellen Gelegenheiten mit unserer Frisur eine bestimmte Achse. Heute besch\u00e4ftigen wir uns mit den Korrespondenzachsen, welche Regionen am Kopf mit Regionen des Gesichtes (die Gleiches oder \u00c4hnliches ausdr\u00fccken) in Zusammenhang bringen.<\/span><\/p>\n<p><span style=\"color: #999999;\"><strong>3. M\u00e4rz<\/strong> *<span style=\"text-decoration: underline;\"><strong>Auffrischen und \u00dcben<\/strong><\/span> <em>Fr. 170.-<\/em><br \/>\nWir frischen unser Wissen auf und \u00fcben physiognomische Betrachtungen.<\/span><\/p>\n<p><span style=\"color: #999999;\"><strong>21.\/22. April<\/strong> <strong>\u201e<\/strong><span style=\"text-decoration: underline;\"><strong>Farbe und Ich<\/strong><\/span><strong>\u201c<\/strong> <em>Fr. 400.- <\/em><a href=\"#flyerfarbeundich\">(Flyer unten)<\/a><br \/>\nGemeinschaftsprojekt mit der bildenden K\u00fcnstlerin Claudia Eichenberger. Wir entdecken bei einer pers\u00f6nlichen Farbberatung, welche Farben gut zu uns passen und welche weniger vorteilhaft sind. Mit Claudia Eichenberger sensibilisieren wir uns f\u00fcr Farben und deren Nuancen beim Farbenmischen.<\/span><\/p>\n<p><span style=\"color: #999999;\"><strong>5. Mai<\/strong> *<span style=\"text-decoration: underline;\"><strong>Die Harmonie der Naturelle: Partnerschaft und Beziehungen<\/strong><\/span> <em>Fr. 170.-<\/em><br \/>\nWer passt zu wem? Warum sind uns manche Menschen sofort sympathisch und andere nicht? Im Wonnemonat Mai erarbeiten wir die Grundlagen der Harmonieberechnung zwischen den Menschen.<\/span><\/p>\n<p><span style=\"color: #999999;\"><strong>9. Juni<\/strong> *<strong><span style=\"text-decoration: underline;\">Die Kopfformen: Seitenhaupt, Hinterhaupt, Oberhaupt<\/span><\/strong><br \/>\n<em>Fr. 170.-<\/em><\/span> <span style=\"color: #999999;\"><br \/>\nWer ist ein zuverl\u00e4ssiger \u00d6konome? Wo zeigt sich ein feinmotorisches Talent, wo die K\u00f6rperkraft? Habe ich einen verborgenen F\u00fchrungsanspruch? Des Weiteren besch\u00e4ftigen wir uns mit  Selbstvertrauen, Gottvertrauen und dem Vertrauen zum Du. Hier ein paar <a href=\"http:\/\/www.persoenlichkeitsberatung.ch\/?p=2078\">Fotos und Eindr\u00fccke<\/a> vergangener Seminare.<\/span><\/p>\n<p><span style=\"color: #999999;\"><strong>12.\/13.\/14. Juli<\/strong> <strong>\u201e<\/strong><span style=\"text-decoration: underline;\"><strong>Was uns Gesichter erz\u00e4hlen<\/strong><\/span><strong>\u201c<\/strong> <em>Fr. 680.- <\/em><a href=\"#flyergesichter\">(Flyer unten)<\/a><br \/>\nIm Einf\u00fchrungskurs in die physiognomische Menschenkenntnis erfahren wir die Grundlagen zur Naturelllehre nach Carl Huter.<\/span><\/p>\n<p><span style=\"color: #999999;\"><strong>4. August <\/strong>*<span style=\"text-decoration: underline;\"><strong> <\/strong><\/span><span style=\"text-decoration: underline;\"><strong>Die Harmonie der Naturelle: Partnerschaft und Beziehungen<\/strong><\/span> <em>Fr. 170.-<\/em><br \/>\nWer passt zu wem? Warum sind uns manche Menschen sofort sympathisch und  andere nicht? Im Wonnemonat Mai erarbeiten wir die Grundlagen der Harmonieberechnung zwischen den Menschen.<\/span><\/p>\n<p><span style=\"color: #888888;\"><strong>3<\/strong><strong>. November<\/strong> *<strong><span style=\"text-decoration: underline;\">Die Nase: der Wille zur Selbstverwirklichung<\/span><\/strong> <em><br \/>\nFr. 170.-<\/em><br \/>\nHandle ich eher strukturiert oder spontan? Wie zeigt sich das Repr\u00e4sentationstalent? In welche Richtung weist mein Gestaltungstalent? Wir fragen uns, was eine von mir als sch\u00f6n empfundene Nase \u00fcber meine innigsten W\u00fcnsche verr\u00e4t.<\/span><br \/>\n<span style=\"color: #ff0000;\"><strong> <\/strong><\/span><\/p>\n<p><span style=\"color: #888888;\"><strong>16.\/17. November<\/strong> <strong>\u201e<\/strong><span style=\"text-decoration: underline;\"><strong>Farbe und Ich<\/strong><\/span><strong>\u201c<\/strong> <em>Fr. 400.- <\/em><a href=\"#flyerfarbeundich\">(Flyer unten)<\/a><br \/>\nGemeinschaftsprojekt mit der bildenden K\u00fcnstlerin Claudia Eichenberger.  Wir entdecken bei einer pers\u00f6nlichen Farbberatung, welche Farben gut zu  uns passen und welche weniger vorteilhaft sind. Mit Claudia Eichenberger  sensibilisieren wir uns f\u00fcr Farben und deren Nuancen beim  Farbenmischen.<\/span><\/p>\n<p><span style=\"color: #888888;\"><strong>* <span style=\"text-decoration: underline;\">F\u00fcr die Auffrischungs- und Weiterbildungskurse ist der Besuch des Einf\u00fchrungskurses in die physiognomische Menschenkenntnis \u201eWas uns Gesichter erz\u00e4hlen\u201c Grundlage und Bedingung!<\/span><\/strong><\/span><\/p>\n<div id=\"subjektivefarbklaenge\"><span style=\"color: #ff0000;\"><strong>______________________________________________ <\/strong><a href=\"#oben\">oben<\/a><\/span><\/div>\n<blockquote><p><em> <\/em><\/p><\/blockquote>\n<h1><span style=\"color: #33cccc;\">&#8222;Subjektive Farbkl\u00e4nge&#8220;<\/span><\/h1>\n<p><span style=\"color: #0000;\"> <a href=\"http:\/\/www.persoenlichkeitsberatung.ch\/wp-content\/uploads\/Subjektive-FarbklaengeRZeller2018.pdf\"><em>Subjektive Farbkl\u00e4nge 2018<\/em><\/a><em> (Pdf des Flyers zum Kurs)<\/em><\/span><a href=\"http:\/\/www.persoenlichkeitsberatung.ch\/wp-content\/uploads\/Subjektive-FarbklaengeRZeller2018_1.jpg\"><img loading=\"lazy\" decoding=\"async\" class=\"alignleft size-medium wp-image-3705\" title=\"Subjektive FarbklaengeRZeller2018_1\" src=\"http:\/\/www.persoenlichkeitsberatung.ch\/wp-content\/uploads\/Subjektive-FarbklaengeRZeller2018_1-352x499.jpg\" alt=\"\" width=\"352\" height=\"499\" srcset=\"http:\/\/www.persoenlichkeitsberatung.ch\/wp-content\/uploads\/Subjektive-FarbklaengeRZeller2018_1-352x499.jpg 352w, http:\/\/www.persoenlichkeitsberatung.ch\/wp-content\/uploads\/Subjektive-FarbklaengeRZeller2018_1-721x1024.jpg 721w, http:\/\/www.persoenlichkeitsberatung.ch\/wp-content\/uploads\/Subjektive-FarbklaengeRZeller2018_1.jpg 874w\" sizes=\"(max-width: 352px) 100vw, 352px\" \/><\/a> <a href=\"http:\/\/www.persoenlichkeitsberatung.ch\/wp-content\/uploads\/Subjektive-FarbklaengeRZeller2018_2.jpg\"><img loading=\"lazy\" decoding=\"async\" class=\"alignleft size-medium wp-image-3706\" title=\"Subjektive FarbklaengeRZeller2018_2\" src=\"http:\/\/www.persoenlichkeitsberatung.ch\/wp-content\/uploads\/Subjektive-FarbklaengeRZeller2018_2-352x499.jpg\" alt=\"\" width=\"352\" height=\"499\" srcset=\"http:\/\/www.persoenlichkeitsberatung.ch\/wp-content\/uploads\/Subjektive-FarbklaengeRZeller2018_2-352x499.jpg 352w, http:\/\/www.persoenlichkeitsberatung.ch\/wp-content\/uploads\/Subjektive-FarbklaengeRZeller2018_2-721x1024.jpg 721w, http:\/\/www.persoenlichkeitsberatung.ch\/wp-content\/uploads\/Subjektive-FarbklaengeRZeller2018_2.jpg 874w\" sizes=\"(max-width: 352px) 100vw, 352px\" \/><\/a><br \/>\n<span style=\"color: #ff0000;\"><strong>______________________________________________ <\/strong><a href=\"#oben\">oben<\/a><\/span><\/p>\n<div id=\"flyerfarbeundich\"><\/div>\n<blockquote><p><em> <\/em><\/p><\/blockquote>\n<h1><span style=\"color: #33cccc;\">&#8222;Farbe und ich&#8220;<\/span><\/h1>\n<p><span style=\"color: #33cccc;\"> <\/span><em><a rel=\"attachment wp-att-2450\" href=\"http:\/\/www.persoenlichkeitsberatung.ch\/?attachment_id=2450\"><\/a><a rel=\"attachment wp-att-2654\" href=\"http:\/\/www.persoenlichkeitsberatung.ch\/?attachment_id=2654\">Farbe-Ich-2013-2<\/a> (Pdf des Flyers zum Kurs)<\/em><\/p>\n<p>Finden Sie hier ein paar\u00a0Fotos und Eindr\u00fccke vergangener Seminare zu\u00a0<a href=\"http:\/\/www.persoenlichkeitsberatung.ch\/?p=2024\">&#8222;Farbe und Ich&#8220;<\/a>, sowie\u00a0vergangener Folgeseminare zu <a href=\"http:\/\/www.persoenlichkeitsberatung.ch\/?p=2153\">&#8222;Komposition und Stil&#8220;<\/a><\/p>\n<p><em><br \/>\n<img loading=\"lazy\" decoding=\"async\" class=\"alignleft size-full wp-image-1758\" title=\"Farbe-Ich-2012-1\" src=\"http:\/\/www.persoenlichkeitsberatung.ch\/wp-content\/uploads\/Farbe-Ich-2012-1.jpg\" alt=\"\" width=\"266\" height=\"356\" \/><\/em><br \/>\n<span style=\"color: #0000;\">___________________________________________________<\/span><br \/>\n<em><a href=\"http:\/\/www.claudia-eichenberger.ch\" target=\"_blank\"><img loading=\"lazy\" decoding=\"async\" class=\"alignleft size-full wp-image-2653\" title=\"Farbe-Ich-2013-3\" src=\"http:\/\/www.persoenlichkeitsberatung.ch\/wp-content\/uploads\/Farbe-Ich-2013-3.jpg\" alt=\"\" width=\"318\" height=\"412\" \/><\/a><span style=\"color: #0000;\">___________________________________________________<\/span><a href=\"http:\/\/www.persoenlichkeitsberatung.ch\/?page_id=11\"><img loading=\"lazy\" decoding=\"async\" class=\"alignleft size-full wp-image-1762\" title=\"Farbe-Ich-2012-4\" src=\"http:\/\/www.persoenlichkeitsberatung.ch\/wp-content\/uploads\/Farbe-Ich-2012-4.jpg\" alt=\"\" width=\"323\" height=\"407\" \/><\/a><span style=\"color: #0000;\">___________________________________________________<\/span><a href=\"http:\/\/www.tnw.ch\" target=\"_blank\"><img loading=\"lazy\" decoding=\"async\" class=\"alignleft size-full wp-image-1763\" title=\"Farbe-Ich-2013-2\" src=\"http:\/\/www.persoenlichkeitsberatung.ch\/wp-content\/uploads\/Farbe-Ich-2013-2.jpg\" alt=\"\" width=\"288\" height=\"353\" \/><\/a><br \/>\n<\/em><\/p>\n<p><em> <\/em><\/p>\n<p><em> <\/em><\/p>\n<div id=\"flyergesichter\"><span style=\"color: #ff0000;\"><strong>___________________________________________ <\/strong><a href=\"#oben\">oben<\/a><\/span><\/div>\n<h1><span style=\"color: #ff00ff;\">&#8222;Was uns Gesichter erz\u00e4hlen&#8220;<\/span><\/h1>\n<p><a style=\"font-style: italic;\" href=\"http:\/\/www.persoenlichkeitsberatung.ch\/wp-content\/uploads\/GesichtererzaehlenRZeller2018.pdf\">&#8222;Was uns Gesichter erz\u00e4hlen&#8220; 2018<\/a> (Pdf des Flyers zum Kurs)<\/p>\n<p>Finden Sie hier ein paar\u00a0Fotos und Eindr\u00fccke vergangener Seminare zu <a href=\"http:\/\/www.persoenlichkeitsberatung.ch\/?p=1141\">&#8222;Was uns Gesichter erz\u00e4hlen&#8220;<\/a><\/p>\n<p><img loading=\"lazy\" decoding=\"async\" title=\"GesichtererzaehlenRZeller1\" src=\"..\/wp-content\/uploads\/GesichtererzaehlenRZeller1.jpg\" alt=\"\" width=\"420\" height=\"595\" \/><a href=\"..\/wp-content\/uploads\/GesichtererzaehlenRZeller1.jpg\"><\/a><a href=\"..\/wp-content\/uploads\/GesichtererzaehlenRZeller3.jpg\"><img loading=\"lazy\" decoding=\"async\" title=\"GesichtererzaehlenRZeller3\" src=\"..\/wp-content\/uploads\/GesichtererzaehlenRZeller3.jpg\" alt=\"\" width=\"420\" height=\"595\" \/><\/a><a href=\"http:\/\/www.persoenlichkeitsberatung.ch\/wp-content\/uploads\/GesichtererzaehlenRZeller2018_4.jpg\"><img loading=\"lazy\" decoding=\"async\" class=\"alignleft size-medium wp-image-3723\" title=\"GesichtererzaehlenRZeller2018_4\" src=\"http:\/\/www.persoenlichkeitsberatung.ch\/wp-content\/uploads\/GesichtererzaehlenRZeller2018_4-352x499.jpg\" alt=\"\" width=\"352\" height=\"499\" srcset=\"http:\/\/www.persoenlichkeitsberatung.ch\/wp-content\/uploads\/GesichtererzaehlenRZeller2018_4-352x499.jpg 352w, http:\/\/www.persoenlichkeitsberatung.ch\/wp-content\/uploads\/GesichtererzaehlenRZeller2018_4-721x1024.jpg 721w, http:\/\/www.persoenlichkeitsberatung.ch\/wp-content\/uploads\/GesichtererzaehlenRZeller2018_4.jpg 874w\" sizes=\"(max-width: 352px) 100vw, 352px\" \/><\/a><img loading=\"lazy\" decoding=\"async\" title=\"GesichtererzaehlenRZeller2\" src=\"..\/wp-content\/uploads\/GesichtererzaehlenRZeller2.jpg\" alt=\"\" width=\"420\" height=\"595\" \/><br \/>\n<a href=\"#oben\">oben<\/a><\/p>\n","protected":false},"excerpt":{"rendered":"<p>Kursprogramm 2018 25. oder 26. oder 27. Mai (zur Rosenbl\u00fcte): &#8222;Subjektive Farbkl\u00e4nge&#8220; Fr. 250.- (Flyer unten) 3 Daten zur Auswahl f\u00fcr den 1-t\u00e4gigen Kurs. In diesem Crash Kurs f\u00fcr kreativ Beratende und Gestaltende zum Thema \u201eSubjektive Farbkl\u00e4nge\u201c besch\u00e4ftigen wir uns mit den pers\u00f6nlichen Farben unserer Kundinnen und Kunden sowie den daraus resultierenden Bed\u00fcrfnissen. Besonders empfehlenswert [&hellip;]<\/p>\n","protected":false},"author":1,"featured_media":0,"parent":1384,"menu_order":0,"comment_status":"closed","ping_status":"closed","template":"","meta":{"footnotes":""},"_links":{"self":[{"href":"http:\/\/www.persoenlichkeitsberatung.ch\/index.php?rest_route=\/wp\/v2\/pages\/1187"}],"collection":[{"href":"http:\/\/www.persoenlichkeitsberatung.ch\/index.php?rest_route=\/wp\/v2\/pages"}],"about":[{"href":"http:\/\/www.persoenlichkeitsberatung.ch\/index.php?rest_route=\/wp\/v2\/types\/page"}],"author":[{"embeddable":true,"href":"http:\/\/www.persoenlichkeitsberatung.ch\/index.php?rest_route=\/wp\/v2\/users\/1"}],"replies":[{"embeddable":true,"href":"http:\/\/www.persoenlichkeitsberatung.ch\/index.php?rest_route=%2Fwp%2Fv2%2Fcomments&post=1187"}],"version-history":[{"count":651,"href":"http:\/\/www.persoenlichkeitsberatung.ch\/index.php?rest_route=\/wp\/v2\/pages\/1187\/revisions"}],"predecessor-version":[{"id":3777,"href":"http:\/\/www.persoenlichkeitsberatung.ch\/index.php?rest_route=\/wp\/v2\/pages\/1187\/revisions\/3777"}],"up":[{"embeddable":true,"href":"http:\/\/www.persoenlichkeitsberatung.ch\/index.php?rest_route=\/wp\/v2\/pages\/1384"}],"wp:attachment":[{"href":"http:\/\/www.persoenlichkeitsberatung.ch\/index.php?rest_route=%2Fwp%2Fv2%2Fmedia&parent=1187"}],"curies":[{"name":"wp","href":"https:\/\/api.w.org\/{rel}","templated":true}]}}