{"id":132,"date":"2010-01-01T22:14:10","date_gmt":"2010-01-01T21:14:10","guid":{"rendered":"http:\/\/www.persoenlichkeitsberatung.ch\/backstage\/?page_id=132"},"modified":"2017-01-05T11:00:53","modified_gmt":"2017-01-05T10:00:53","slug":"ultrazign-realisierungen","status":"publish","type":"page","link":"http:\/\/www.persoenlichkeitsberatung.ch\/?page_id=132","title":{"rendered":"ultrazign Realisierungen"},"content":{"rendered":"<h3>Konkrete Gestaltungsfelder f\u00fcr Grafische Kommunikation:<\/h3>\n<p>Markenbild (Logo, Visitenkarte, Briefpapier usw.)<\/p>\n<p>Webseiten, Brosch\u00fcren, Faltdokumente, Flyers, Buchumschl\u00e4ge, Plakate, Inserate, Verpackungen, Beschriftungen, Werbebanner, Kataloge, Direktmarketing, Illustrationen&#8230;.<\/p>\n<p>&#8230;. und alles, was wir f\u00fcr Sie als Bedeutungstr\u00e4ger massgeschneidert erdenken und konstruieren.<\/p>\n<p><span style=\"color: #99cc00;\">__________________________________________________________<\/span><\/p>\n<p><strong>Projekt &#8222;Astrologisch-Psychologische Beratung, Sursee<\/strong><\/p>\n<p>Eine erfahrene Astrologin aus Sursee m\u00f6chte ihr Beratungsangebot erweitern und im Tessin, in ihrem Haus direkt am See, \u201eAstrologische Beratungen\u201c und diverse Kurse anbieten. Nebst der Astrologie besitzt sie eine grosse Zuneigung zu den Engeln. Wir gestalten f\u00fcr sie einen einladenden \u201eFlyer\u201c sowie eine neue Visitenkarte. Die \u201eSterne\u201c und das Engelmotiv werden sorgf\u00e4ltig integriert.<\/p>\n<p><a href=\"http:\/\/www.persoenlichkeitsberatung.ch\/wp-content\/uploads\/dorisrimer.jpg\"><img loading=\"lazy\" decoding=\"async\" class=\"aligncenter size-full wp-image-3514\" title=\"dorisrimer\" src=\"http:\/\/www.persoenlichkeitsberatung.ch\/wp-content\/uploads\/dorisrimer1.jpg\" alt=\"\" width=\"413\" height=\"1273\" \/><\/a><span style=\"color: #99cc00;\">__________________________________________________________<\/span><\/p>\n<p><strong>Projekt \u201eDances of the Orient\u201c Benefizshow, Z\u00fcrich<\/strong><\/p>\n<p>Ziel des Projektes\u00a0&#8222;<a href=\"http:\/\/www.julie.ch\/benefiz.html\" target=\"_blank\">Dances for the Children<\/a>&#8220; ist es, mit Einnahmen, welche bei j\u00e4hrlich stattfindenden Tanzshows gesammelt werden, das Hilfswerk \u201e<a href=\"http:\/\/www.chanceswiss.ch\/\" target=\"_blank\">Chance Swiss<\/a>\u201c zu unterst\u00fctzen. Dabei werden die Spenden direkt und unb\u00fcrokratisch f\u00fcr notleidende Frauen und Kinder eingesetzt. Im Mittelpunkt stehen Verschleppung und Kinderprostitution.<\/p>\n<p>Wir sponsern die Benefizshow 2015 in Z\u00fcrich, indem wir das Logo, den \u201eFlyer\u201c, den Werbebanner, das Programm, die Poster, die Tickets und das Menu zum Thema \u201eVier Jahreszeiten&#8220; gestalten.<\/p>\n<p>Die n\u00e4chste Benefizshow &#8222;Cinema Edition&#8220; wird am 4. November 2018 stattfinden.<\/p>\n<p><span style=\"color: #99cc00;\"><a href=\"http:\/\/www.persoenlichkeitsberatung.ch\/wp-content\/uploads\/dances-of-the-orient1.jpg\"><img loading=\"lazy\" decoding=\"async\" class=\"aligncenter size-full wp-image-3499\" title=\"dances of the orient1\" src=\"http:\/\/www.persoenlichkeitsberatung.ch\/wp-content\/uploads\/dances-of-the-orient1.jpg\" alt=\"\" width=\"413\" height=\"504\" srcset=\"http:\/\/www.persoenlichkeitsberatung.ch\/wp-content\/uploads\/dances-of-the-orient1.jpg 413w, http:\/\/www.persoenlichkeitsberatung.ch\/wp-content\/uploads\/dances-of-the-orient1-409x500.jpg 409w\" sizes=\"(max-width: 413px) 100vw, 413px\" \/><\/a><\/span><span style=\"color: #99cc00;\">__________________________________________________________<\/span><\/p>\n<p><a href=\"http:\/\/www.persoenlichkeitsberatung.ch\/wp-content\/uploads\/PodereCascinanewlight.jpg\"><img loading=\"lazy\" decoding=\"async\" title=\"PodereCascinanewlight\" src=\"http:\/\/www.persoenlichkeitsberatung.ch\/wp-content\/uploads\/PodereCascinanewlight.jpg\" alt=\"\" width=\"413\" height=\"560\" \/><\/a><br \/>\n<strong>Projekt \u201ePodere Cascina\u201c, Bibbona<\/strong><\/p>\n<p>F\u00fcr ein Weingut in der Toscana hatten wir den Auftrag, nebst einem  Logo, Weinetiketten zu gestalten. Die Besitzerin des Gutes war vor ihrem  Studium zur Oenologin T\u00e4nzerin. Bei der \u201eAssemblage\u201c ihrer Weine  entstanden Assoziationen zu T\u00e4nzen, je nach Temperament, Volumen,  Geschmack, Geruch und Farbe der K\u00f6stlichkeiten.<\/p>\n<p>Inspiriert durch die passende Musik wurden als Grundlagen f\u00fcnf Bilder  in A2 Format gemalt. Diese dienten als Basis zur Digitalisierung f\u00fcr  die Weinetiketten und schliesslich zur <a href=\"http:\/\/www.persoenlichkeitsberatung.ch\/wp-admin\/page.php?page_id=17\">Gestaltung der G\u00e4stezimmer<\/a>.<br \/>\n<strong> <\/strong><br \/>\n<a href=\"http:\/\/poderecascina.it\/\" target=\"_blank\"><img loading=\"lazy\" decoding=\"async\" class=\"alignleft\" title=\"poderecascina_site\" src=\"http:\/\/www.persoenlichkeitsberatung.ch\/wp-content\/uploads\/poderecascina_site-150x150.jpg\" alt=\"\" width=\"200\" height=\"200\" \/><\/a><br \/>\n<strong> <\/strong>Besuchen Sie die von uns realisierte <a href=\"http:\/\/poderecascina.it\" target=\"_blank\">Webseite<\/a> in 4 Sprachen (Konzept, Design und Navigationsstruktur).<\/p>\n<p><span style=\"color: #99cc00;\">__________________________________________________________<\/span><\/p>\n<p><strong><a rel=\"attachment wp-att-1925\" href=\"http:\/\/www.persoenlichkeitsberatung.ch\/?attachment_id=1925\"><img loading=\"lazy\" decoding=\"async\" class=\"alignleft size-full wp-image-1925\" title=\"ricomarker\" src=\"http:\/\/www.persoenlichkeitsberatung.ch\/wp-content\/uploads\/ricomarker1.jpg\" alt=\"\" width=\"413\" height=\"735\" \/><\/a>Projekt Rieder Rico-Marker, Rothenfluh<\/strong><br \/>\n<span style=\"color: #ff0000;\"><em><strong> <\/strong><\/em><\/span><\/p>\n<p><span style=\"color: #ff0000;\"><em><strong>Der Diamant in der Werkzeugkiste! <\/strong><\/em><\/span><\/p>\n<p>Die bew\u00e4hrte Anreissnadel aus dem Hause Rieder soll neu beworben werden. Ein Flyer zeigt auf witzig unterhaltsame Art, dass &#8222;Mann&#8220; mit Rico-Marker seinen Alltag bestens ausger\u00fcstet angeht.<\/p>\n<p>(Konzept und Ausf\u00fchrung inkl. Foto shooting, Leporello Format in deutsch und franz\u00f6sisch)<\/p>\n<p><span style=\"color: #99cc00;\">__________________________________________________________<\/span><\/p>\n<h3><a rel=\"attachment wp-att-1893\" href=\"http:\/\/www.persoenlichkeitsberatung.ch\/?attachment_id=1893\"><img loading=\"lazy\" decoding=\"async\" class=\"alignleft size-full wp-image-1893\" title=\"geckos\" src=\"http:\/\/www.persoenlichkeitsberatung.ch\/wp-content\/uploads\/geckos4.jpg\" alt=\"\" width=\"413\" height=\"596\" srcset=\"http:\/\/www.persoenlichkeitsberatung.ch\/wp-content\/uploads\/geckos4.jpg 413w, http:\/\/www.persoenlichkeitsberatung.ch\/wp-content\/uploads\/geckos4-346x500.jpg 346w\" sizes=\"(max-width: 413px) 100vw, 413px\" \/><\/a><\/h3>\n<p><strong>Projekt Gecko&#8217;s Baumpflege, Biel-Benken<\/strong><\/p>\n<p><span style=\"color: #800080;\"><em><strong>Flink, sorgf\u00e4ltig, fachkundig\u2026<\/strong><\/em><\/span><\/p>\n<div>Zwei dynamische Baumpflegespezialisten machen sich selbst\u00e4ndig!<\/div>\n<div>Wir erhielten den Auftrag zum Entwurf und zur Realisation eines Logos und eines Inserates.<\/div>\n<p><span style=\"color: #99cc00;\">__________________________________________________________<\/span><\/p>\n<p><a rel=\"attachment wp-att-1469\" href=\"http:\/\/www.persoenlichkeitsberatung.ch\/?attachment_id=1469\" target=\"_blank\"><img loading=\"lazy\" decoding=\"async\" class=\"alignleft size-full wp-image-1469\" title=\"gesundheitspraxis\" src=\"http:\/\/www.persoenlichkeitsberatung.ch\/wp-content\/uploads\/gesundheitspraxis.gif\" alt=\"\" width=\"413\" height=\"480\" \/><\/a><\/p>\n<p><strong>Projekt Gesundheitspraxis Hafencenter, Kreuzlingen<\/strong><\/p>\n<p><em><strong><span style=\"color: #33cccc;\">\u201eEntspannen, sich in einer Wohlf\u00fchloase den Schmerz, der sich durch Stress und Fehlverhalten angesammelt hat, einfach weg massieren lassen\u201c.<\/span><\/strong><\/em><\/p>\n<p>Diese Botschaft kommunizieren wir mit erfrischenden Naturfarben, die uns die Vorstellung vermitteln, f\u00fcr eine kurze Auszeit in einer duftenden Wiese zu liegen und uns den wogenden Blumen und Gr\u00e4sern, wie den heilsamen H\u00e4nden von Renata Dattoli zu \u00fcberlassen.<\/p>\n<p>Unsere Aufgabe galt der Gestaltung und Realisierung des Erscheinungsbildes der soeben er\u00f6ffneten Gesundheitspraxis in Kreuzlingen. Das Logo, der erste Flyer sowie der darauf folgende Internetauftritt wurden uns in Auftrag gegeben, also Konzept, Design, Navigationsstruktur und \u00dcberarbeitung der Texte.<\/p>\n<p><a href=\"http:\/\/www.gesundheitspraxis-hafencenter.ch\/\" target=\"_blank\">gesundheitspraxis-hafencenter.ch<\/a><\/p>\n<p><span style=\"color: #99cc00;\">__________________________________________________________<\/span><\/p>\n<p><a href=\"http:\/\/www.persoenlichkeitsberatung.ch\/wp-content\/uploads\/riederlight.jpg\"><img loading=\"lazy\" decoding=\"async\" class=\"alignleft size-full wp-image-133\" title=\"riederlight\" src=\"http:\/\/www.persoenlichkeitsberatung.ch\/wp-content\/uploads\/riederlight.jpg\" alt=\"\" width=\"413\" height=\"374\" srcset=\"http:\/\/www.persoenlichkeitsberatung.ch\/wp-content\/uploads\/riederlight.jpg 413w, http:\/\/www.persoenlichkeitsberatung.ch\/wp-content\/uploads\/riederlight-300x271.jpg 300w\" sizes=\"(max-width: 413px) 100vw, 413px\" \/><\/a><\/p>\n<p><strong>Projekt Rieder, Rothenfluh<\/strong><\/p>\n<p>Zum neuen Erscheinungsbild des Metall Fabrikations- und Handelsbetriebes standen uns die Elemente: Feuer, Metall und Wasser Pate.<\/p>\n<p>Die Farbe Rotorange steht f\u00fcr Dynamik und Erneuerung. Grau ist die Farbe der Konstruktion und der Funktionalit\u00e4t. Mit Blau erinnern wir uns an Qualit\u00e4t und traditionelle Werte der 1931 gegr\u00fcndeten Firma. Rotorange und Metallgrau dienen als Basisfarben zum modularen Aufbau aller Werbebotschaften. (Visitenkarten, Brosch\u00fcren, Flugbl\u00e4tter, Mailings, Webseite usw. )<\/p>\n<p>Die Gitterrost Brosch\u00fcre gestalteten wir in A4 Querformat passend zum Produkt. Der kleine Bruder, die Hufeisenstollenbrosch\u00fcre, kommt in A5 Querformat daher. Beide Dokumente haben wir ebenfalls f\u00fcr den franz\u00f6sischsprachigen Raum \u00fcbersetzt. Die Preislisten stecken jeweils auf der letzten Seite des Dokumentes in einer Lasche und k\u00f6nnen bei Bedarf rasch ausgewechselt werden.<\/p>\n<p>Die Slogans sind in beiden Sprachen spritzig und transportieren solide, formsch\u00f6ne und innovative Qualit\u00e4tsprodukte zum Kunden.<\/p>\n<p><span style=\"color: #99cc00;\">__________________________________________________________<\/span><br \/>\n<a href=\"http:\/\/www.persoenlichkeitsberatung.ch\/wp-content\/uploads\/BKBlight.jpg\"><img loading=\"lazy\" decoding=\"async\" class=\"alignleft size-full wp-image-135\" title=\"BKBlight\" src=\"http:\/\/www.persoenlichkeitsberatung.ch\/wp-content\/uploads\/BKBlight.jpg\" alt=\"\" width=\"413\" height=\"545\" srcset=\"http:\/\/www.persoenlichkeitsberatung.ch\/wp-content\/uploads\/BKBlight.jpg 413w, http:\/\/www.persoenlichkeitsberatung.ch\/wp-content\/uploads\/BKBlight-227x300.jpg 227w\" sizes=\"(max-width: 413px) 100vw, 413px\" \/><\/a><\/p>\n<p><strong>Projekt BKB, Basel<\/strong><\/p>\n<p>Ausdruck macht Eindruck! Die Basler Kantonalbank hatte mich f\u00fcr Farb- und Stilseminare engagiert. Bei der Vorbereitung stellte sich heraus, dass ein Begleitdokument zu den Kursen sinnvoll w\u00e4re. Ein farblich und formal ansprechendes und inhaltlich interessantes Dokument entstand, welches in der Folge physisch und digital verwendet wird. <a href=\"?page_id=11\">\u201eIhr positives Auftreten als Arbeitswerkzeug\u201c<\/a> ist informativ und attraktiv!<\/p>\n<p><span style=\"color: #99cc00;\">__________________________________________________________<\/span><br \/>\n<a href=\"http:\/\/www.persoenlichkeitsberatung.ch\/wp-content\/uploads\/buchzaugglight.jpg\"><img loading=\"lazy\" decoding=\"async\" class=\"alignleft size-full wp-image-136\" title=\"buchzaugglight\" src=\"http:\/\/www.persoenlichkeitsberatung.ch\/wp-content\/uploads\/buchzaugglight.jpg\" alt=\"\" width=\"413\" height=\"583\" srcset=\"http:\/\/www.persoenlichkeitsberatung.ch\/wp-content\/uploads\/buchzaugglight.jpg 413w, http:\/\/www.persoenlichkeitsberatung.ch\/wp-content\/uploads\/buchzaugglight-212x300.jpg 212w\" sizes=\"(max-width: 413px) 100vw, 413px\" \/><\/a><strong> <\/strong><\/p>\n<p><strong>Projekt Buchumschlag Zaugg Verlag, Basel<\/strong><\/p>\n<p>Putzrezepte von Katharina Zaugg, eine spannende Herausforderung!<\/p>\n<p>Das abgedunkelte Scharlachrot ist wallendes Sinnbild f\u00fcr die Wut, es tun zu m\u00fcssen: das Putzen, die Aufgabe, la t\u00e2che, immer und immer wiederkehrend. Im Rot versteckt ist zugleich die Freude an der kommenden Befriedigung, es geschafft zu haben.<\/p>\n<p>Das stark aufgehellte Cyan, wirkt wie abgehoben, himmlisch blau, erl\u00f6st im Wasser. Wisch und weg, sich ausruhen nach der Anstrengung.<\/p>\n<p><span style=\"color: #99cc00;\">__________________________________________________________<\/span><br \/>\n<a href=\"http:\/\/www.persoenlichkeitsberatung.ch\/wp-content\/uploads\/kuonilight.jpg\"><img loading=\"lazy\" decoding=\"async\" class=\"alignleft size-full wp-image-137\" title=\"kuonilight\" src=\"http:\/\/www.persoenlichkeitsberatung.ch\/wp-content\/uploads\/kuonilight.jpg\" alt=\"\" width=\"413\" height=\"356\" srcset=\"http:\/\/www.persoenlichkeitsberatung.ch\/wp-content\/uploads\/kuonilight.jpg 413w, http:\/\/www.persoenlichkeitsberatung.ch\/wp-content\/uploads\/kuonilight-300x258.jpg 300w\" sizes=\"(max-width: 413px) 100vw, 413px\" \/><\/a><\/p>\n<p><strong>Projekt Kuoni, Bottmingen<\/strong><\/p>\n<p>Die ermunternden Delphine hatte unsere Kundin bereits selbst gezeichnet. Unser Auftrag galt der Formulierung und weiteren Illustrierung ihrer Werbebotschaft. Werbetr\u00e4ger wurden Flyer und ein Adressschild.<\/p>\n","protected":false},"excerpt":{"rendered":"<p>Konkrete Gestaltungsfelder f\u00fcr Grafische Kommunikation: Markenbild (Logo, Visitenkarte, Briefpapier usw.) Webseiten, Brosch\u00fcren, Faltdokumente, Flyers, Buchumschl\u00e4ge, Plakate, Inserate, Verpackungen, Beschriftungen, Werbebanner, Kataloge, Direktmarketing, Illustrationen&#8230;. &#8230;. und alles, was wir f\u00fcr Sie als Bedeutungstr\u00e4ger massgeschneidert erdenken und konstruieren. __________________________________________________________ Projekt &#8222;Astrologisch-Psychologische Beratung, Sursee Eine erfahrene Astrologin aus Sursee m\u00f6chte ihr Beratungsangebot erweitern und im Tessin, in ihrem [&hellip;]<\/p>\n","protected":false},"author":1,"featured_media":0,"parent":28,"menu_order":0,"comment_status":"open","ping_status":"open","template":"","meta":{"footnotes":""},"_links":{"self":[{"href":"http:\/\/www.persoenlichkeitsberatung.ch\/index.php?rest_route=\/wp\/v2\/pages\/132"}],"collection":[{"href":"http:\/\/www.persoenlichkeitsberatung.ch\/index.php?rest_route=\/wp\/v2\/pages"}],"about":[{"href":"http:\/\/www.persoenlichkeitsberatung.ch\/index.php?rest_route=\/wp\/v2\/types\/page"}],"author":[{"embeddable":true,"href":"http:\/\/www.persoenlichkeitsberatung.ch\/index.php?rest_route=\/wp\/v2\/users\/1"}],"replies":[{"embeddable":true,"href":"http:\/\/www.persoenlichkeitsberatung.ch\/index.php?rest_route=%2Fwp%2Fv2%2Fcomments&post=132"}],"version-history":[{"count":216,"href":"http:\/\/www.persoenlichkeitsberatung.ch\/index.php?rest_route=\/wp\/v2\/pages\/132\/revisions"}],"predecessor-version":[{"id":3549,"href":"http:\/\/www.persoenlichkeitsberatung.ch\/index.php?rest_route=\/wp\/v2\/pages\/132\/revisions\/3549"}],"up":[{"embeddable":true,"href":"http:\/\/www.persoenlichkeitsberatung.ch\/index.php?rest_route=\/wp\/v2\/pages\/28"}],"wp:attachment":[{"href":"http:\/\/www.persoenlichkeitsberatung.ch\/index.php?rest_route=%2Fwp%2Fv2%2Fmedia&parent=132"}],"curies":[{"name":"wp","href":"https:\/\/api.w.org\/{rel}","templated":true}]}}