{"id":1384,"date":"2011-09-04T21:22:09","date_gmt":"2011-09-04T20:22:09","guid":{"rendered":"http:\/\/www.persoenlichkeitsberatung.ch\/?page_id=1384"},"modified":"2012-09-20T15:03:18","modified_gmt":"2012-09-20T14:03:18","slug":"kurse-und-seminare-2","status":"publish","type":"page","link":"http:\/\/www.persoenlichkeitsberatung.ch\/?page_id=1384","title":{"rendered":"Kurse und Seminare"},"content":{"rendered":"<h3>\u201cLernen ist Vorfreude auf sich selbst\u201d<\/h3>\n<p><strong> <\/strong>Diese Aussage von P. Sloterdijk passt wohl nirgendwo besser, als wenn wir uns mit unserem eigenen Gesicht, mit unserer Gestalt, mit unserer Mimik und Gestik, kurz, mit dem Ausdruck unseres Wesens besch\u00e4ftigen. Je mehr wir \u00fcber uns wissen, umso sicherer f\u00fchlen wir uns und umso nat\u00fcrlicher und echter kommunizieren wir.<\/p>\n<p><img loading=\"lazy\" decoding=\"async\" class=\"alignleft\" title=\"kurse-seminare3.gif\" src=\"http:\/\/www.persoenlichkeitsberatung.ch\/wp-content\/uploads\/kurse-seminare3.gif\" alt=\"\" width=\"413\" height=\"309\" \/><\/p>\n<p><span style=\"color: #333333;\"><em>(F\u00fcr weiter Impressionen, siehe bei <a href=\"http:\/\/www.persoenlichkeitsberatung.ch\/?page_id=4\">Kunterbunt<\/a><\/em><em>)<\/em><\/span><\/p>\n<p>In unseren Kursen und Seminaren erwerben Sie schmackhaft aufbereitetes Wissen aus einem meiner eigenen Fachgebiete oder interdisziplin\u00e4r, in Zusammenarbeit mit weiteren Fachleuten. So k\u00f6nnen Sie bereits vorhandene F\u00e4higkeiten vertiefen, erneuern oder erweitern. Und Sie werden staunen \u00fcber die Zusammenh\u00e4nge, die sich durch diese Weiterbildung zu Ihrem eigenen Lebensalltag ergeben.<br \/>\n<strong><br \/>\n<\/strong><\/p>\n<p><strong> <\/strong><strong> <\/strong><\/p>\n<h3>Wo<\/h3>\n<p>Kurse, Seminare und Themen &#8211; Abenteuer (auf Wunsch mit gediegenen Essen), in wildromantischer Umgebung in meinem Atelier <strong>in Sch\u00f6nenbuch,<\/strong> Kurse und Seminare <strong>in Ihrer Firma.<\/strong><\/p>\n<p><strong><br \/>\n<\/strong><\/p>\n<p><strong> <\/strong><\/p>\n<h3>Themen<\/h3>\n<p><span style=\"color: #ff0000;\">\u2022<\/span> Farben- Formen- Image<br \/>\n<span style=\"color: #ff0000;\">\u2022<\/span> Gesicht- Gestalt- Psychophysiognomik.<br \/>\n<span style=\"color: #ff0000;\">\u2022<\/span> Angewandte Farbenlehre und sinnliches Malen<br \/>\nUnd so weiter&#8230;..<\/p>\n<blockquote><p><em>Ich freue mich auf Ihre Anfragen und W\u00fcnsche!<\/em><\/p><\/blockquote>\n<p>Auch Geschenkgutscheine erh\u00e4ltlich:<\/p>\n<p><a href=\"http:\/\/www.persoenlichkeitsberatung.ch\/wp-content\/uploads\/gutschein-kurs.jpg\"><img loading=\"lazy\" decoding=\"async\" class=\"alignleft size-full wp-image-1584\" title=\"gutschein-kurs\" src=\"http:\/\/www.persoenlichkeitsberatung.ch\/wp-content\/uploads\/gutschein-kurs.jpg\" alt=\"\" width=\"413\" height=\"578\" srcset=\"http:\/\/www.persoenlichkeitsberatung.ch\/wp-content\/uploads\/gutschein-kurs.jpg 413w, http:\/\/www.persoenlichkeitsberatung.ch\/wp-content\/uploads\/gutschein-kurs-357x500.jpg 357w\" sizes=\"(max-width: 413px) 100vw, 413px\" \/><\/a><\/p>\n","protected":false},"excerpt":{"rendered":"<p>\u201cLernen ist Vorfreude auf sich selbst\u201d Diese Aussage von P. Sloterdijk passt wohl nirgendwo besser, als wenn wir uns mit unserem eigenen Gesicht, mit unserer Gestalt, mit unserer Mimik und Gestik, kurz, mit dem Ausdruck unseres Wesens besch\u00e4ftigen. Je mehr wir \u00fcber uns wissen, umso sicherer f\u00fchlen wir uns und umso nat\u00fcrlicher und echter kommunizieren [&hellip;]<\/p>\n","protected":false},"author":1,"featured_media":0,"parent":0,"menu_order":7,"comment_status":"open","ping_status":"open","template":"","meta":{"footnotes":""},"_links":{"self":[{"href":"http:\/\/www.persoenlichkeitsberatung.ch\/index.php?rest_route=\/wp\/v2\/pages\/1384"}],"collection":[{"href":"http:\/\/www.persoenlichkeitsberatung.ch\/index.php?rest_route=\/wp\/v2\/pages"}],"about":[{"href":"http:\/\/www.persoenlichkeitsberatung.ch\/index.php?rest_route=\/wp\/v2\/types\/page"}],"author":[{"embeddable":true,"href":"http:\/\/www.persoenlichkeitsberatung.ch\/index.php?rest_route=\/wp\/v2\/users\/1"}],"replies":[{"embeddable":true,"href":"http:\/\/www.persoenlichkeitsberatung.ch\/index.php?rest_route=%2Fwp%2Fv2%2Fcomments&post=1384"}],"version-history":[{"count":28,"href":"http:\/\/www.persoenlichkeitsberatung.ch\/index.php?rest_route=\/wp\/v2\/pages\/1384\/revisions"}],"predecessor-version":[{"id":1389,"href":"http:\/\/www.persoenlichkeitsberatung.ch\/index.php?rest_route=\/wp\/v2\/pages\/1384\/revisions\/1389"}],"wp:attachment":[{"href":"http:\/\/www.persoenlichkeitsberatung.ch\/index.php?rest_route=%2Fwp%2Fv2%2Fmedia&parent=1384"}],"curies":[{"name":"wp","href":"https:\/\/api.w.org\/{rel}","templated":true}]}}