{"id":15,"date":"2010-01-01T13:52:13","date_gmt":"2010-01-01T13:52:13","guid":{"rendered":"http:\/\/www.persoenlichkeitsberatung.ch\/backstage\/?page_id=15"},"modified":"2011-08-02T20:21:40","modified_gmt":"2011-08-02T19:21:40","slug":"farbdesign","status":"publish","type":"page","link":"http:\/\/www.persoenlichkeitsberatung.ch\/?page_id=15","title":{"rendered":"Farbdesign ultramarine"},"content":{"rendered":"<p><a href=\"http:\/\/www.persoenlichkeitsberatung.ch\/wp-content\/uploads\/farbdesign.15.png\"><img loading=\"lazy\" decoding=\"async\" class=\"alignleft size-full wp-image-287\" title=\"farbdesign.15\" src=\"http:\/\/www.persoenlichkeitsberatung.ch\/wp-content\/uploads\/farbdesign.15.png\" alt=\"\" width=\"170\" height=\"200\" \/><\/a><\/p>\n<p>Es sind die einfachen Dinge, die unser Leben veredeln, ein festlich glitzernder Leuchter l\u00e4sst eine graue Winternacht zum Fr\u00fchlingsversprechen erwachen.<\/p>\n<blockquote><p><em>Farben sind ein Konzert der Emotionen.<\/em><br \/>\n(Ernesto Bergantini &#8211; Designer)<\/p><\/blockquote>\n<p><br style=\"\u201dheight: 4em\u201d;\" \/><br style=\"\u201dheight: 4em\u201d;\" \/><br style=\"\u201dheight: 4em\u201d;\" \/><br style=\"\u201dheight: 4em\u201d;\" \/><br \/>\n<br style=\"\u201dheight: 4em\u201d;\" \/><br \/>\n<br style=\"\u201dheight: 4em\u201d&amp;amp;amp;\" \/><\/p>\n<p>Farbdesign gestaltet Stimmungen \u00fcber das Medium Farbe.<br \/>\nFarbdesign entscheidet die Atmosph\u00e4re eines Raumes.<br \/>\nFarbdesign besitzt Aufforderungscharakter.<br \/>\nFarbdesign ist pr\u00e4gnant.<br \/>\nFarbdesign eignet an.<\/p>\n<h3>Farbdesign wirkt!<\/h3>\n<p><a href=\"http:\/\/www.persoenlichkeitsberatung.ch\/wp-content\/uploads\/vornachher1.jpg\"><img loading=\"lazy\" decoding=\"async\" class=\"alignleft size-full wp-image-238\" title=\"vornachher\" src=\"http:\/\/www.persoenlichkeitsberatung.ch\/wp-content\/uploads\/vornachher1.jpg\" alt=\"\" width=\"413\" height=\"1139\" srcset=\"http:\/\/www.persoenlichkeitsberatung.ch\/wp-content\/uploads\/vornachher1.jpg 413w, http:\/\/www.persoenlichkeitsberatung.ch\/wp-content\/uploads\/vornachher1-371x1024.jpg 371w\" sizes=\"(max-width: 413px) 100vw, 413px\" \/><\/a><\/p>\n<h2>Mehr zum Thema Farbdesign<\/h2>\n<p><em>Weder Farbe noch Form sind lehrbar oder lernbar, allein Wahrnehmung ist wahrnehmbar. <\/em><br \/>\n(Joh. Itten am Bauhaus in Weimar, 1888-1967)<\/p>\n<p><em>Farbe ist das Attribut der optischen Wahrnehmung, dem sich quantitativ bestimmbare Dimensionen des Farbtons, der S\u00e4ttigung und der Helligkeit zuweisen lassen. <\/em><br \/>\n(P. Brunette und D. Wills (Hg.) 1994, Deconstruction and the Visual Arts, Art Media, Architecture)<\/p>\n<h3>Die Kirsche<\/h3>\n<p>Prunus cerasus (Rosaceae)<\/p>\n<p><a rel=\"attachment wp-att-1286\" href=\"http:\/\/www.persoenlichkeitsberatung.ch\/?attachment_id=1286\"><img loading=\"lazy\" decoding=\"async\" class=\"alignleft size-full wp-image-1286\" title=\"farbdesign1\" src=\"http:\/\/www.persoenlichkeitsberatung.ch\/wp-content\/uploads\/farbdesign11.jpg\" alt=\"\" width=\"100\" height=\"142\" \/><\/a>Bereits im Februar zeigt sich an den Knospen der scheinbar noch schlafenden graubraunen Kirschenzweige die Organisation der S\u00e4fte im Inneren des Baumes seit der Wintersonnenwende. Die harte, schon r\u00f6tlich braune H\u00fclle der Knospe schmerzt prall, an deren Spitze, eine Ahnung erst, zartes helles gelblich schimmerndes Gr\u00fcn. Nur noch wenige frostfreie Tage und die Knospe platzt aus ihrer sch\u00fctzenden H\u00fclle, befreit sich Gr\u00fcn, mutig frisch, voller Hoffnung der Sonne entgegen.<br \/>\n<br style=\"\u201dheight: 4em\u201d;\" \/><br style=\"\u201dheight: 4em\u201d;\" \/><br \/>\n<a rel=\"attachment wp-att-1280\" href=\"http:\/\/www.persoenlichkeitsberatung.ch\/?attachment_id=1280\"><img loading=\"lazy\" decoding=\"async\" class=\"alignleft size-full wp-image-1280\" title=\"farbdesign2\" src=\"http:\/\/www.persoenlichkeitsberatung.ch\/wp-content\/uploads\/farbdesign2.jpg\" alt=\"\" width=\"100\" height=\"94\" \/><\/a>Neugierig sch\u00e4lt sich aus ihrer Umh\u00fcllung eine zarte weisse Bl\u00fcte, \u00f6ffnet ihren Kelch, l\u00e4sst ihren s\u00fcssen, Marzipan \u00e4hnlichen Duft \u00fcppig verstr\u00f6men. Erste honiggelbe Bienen tummeln sich um die unschuldigen, weissen Bl\u00fcten, feiern mit ihnen Hochzeit, den Beginn eines neuen Fr\u00fchlings.<br style=\"\u201dheight: 4em\u201d;\" \/><br style=\"\u201dheight: 4em\u201d;\" \/><br style=\"\u201dheight: 4em\u201d;\" \/><br style=\"\u201dheight: 4em\u201d&amp;amp;amp;\" \/><\/p>\n<p><a rel=\"attachment wp-att-1276\" href=\"http:\/\/www.persoenlichkeitsberatung.ch\/?attachment_id=1276\"><img loading=\"lazy\" decoding=\"async\" class=\"alignleft size-full wp-image-1276\" title=\"farbdesign3\" src=\"http:\/\/www.persoenlichkeitsberatung.ch\/wp-content\/uploads\/farbdesign3.jpg\" alt=\"\" width=\"100\" height=\"70\" \/><\/a>Das Skelett des Baumes ist kaum noch sichtbar unter der Pracht seines weissen Festkleides. Allein der Stamm und die unsichtbare Wurzelkrone schaffen die Verbindung zur braunen Erde und geben dem \u00fcppig bl\u00fchenden Kirschbaum Halt.<br style=\"\u201dheight: 4em\u201d;\" \/><br style=\"\u201dheight: 4em\u201d;\" \/><br style=\"\u201dheight: 4em\u201d&amp;amp;amp;\" \/><\/p>\n<p>Kaum sind die duftenden Bl\u00fcten befruchtet, entledigen sie sich ihrer welken Bl\u00fctenbl\u00e4tter, h\u00fcllen sich zur\u00fcckhaltend in ihr nun bl\u00e4uliches Gr\u00fcn, in ihrem Innern kommen sie besinnlich zum braunen Kern.<\/p>\n<p><a rel=\"attachment wp-att-1295\" href=\"http:\/\/www.persoenlichkeitsberatung.ch\/?attachment_id=1295\"><img loading=\"lazy\" decoding=\"async\" class=\"alignleft size-full wp-image-1295\" title=\"farbdesign4\" src=\"http:\/\/www.persoenlichkeitsberatung.ch\/wp-content\/uploads\/farbdesign4.jpg\" alt=\"\" width=\"100\" height=\"54\" \/><\/a>Allm\u00e4hlich schm\u00fcckt sich der Baum mit seinen etwas versp\u00e4tet spriessenden, geschw\u00e4tzigen jungen Bl\u00e4ttern.<br \/>\n<br style=\"\u201dheight: 4em\u201d;\" \/><br style=\"\u201dheight: 4em\u201d&amp;amp;amp;\" \/><\/p>\n<p><a rel=\"attachment wp-att-1279\" href=\"http:\/\/www.persoenlichkeitsberatung.ch\/?attachment_id=1279\"><img loading=\"lazy\" decoding=\"async\" class=\"alignleft size-full wp-image-1279\" title=\"farbdesign5\" src=\"http:\/\/www.persoenlichkeitsberatung.ch\/wp-content\/uploads\/farbdesign5.jpg\" alt=\"\" width=\"100\" height=\"135\" \/><\/a>Um die Sommersonnenwende runden sich die Fr\u00fcchte, langsam zeigt sich auf der S\u00fcdseite des Baumes ein durchscheinendes zartes Err\u00f6ten. Die Kirschen reifen t\u00e4glich, werden \u00fcppiger, prall und leuchtend rot. Die reifen Fr\u00fcchte laden uns ein, sie zu pfl\u00fccken, ihre S\u00fcsse zu geniessen.<\/p>\n<p>War da nicht der Marzipan &#8211; Duft der Bl\u00fcte?<br style=\"\u201dheight: 4em\u201d;\" \/><br style=\"\u201dheight: 4em\u201d;\" \/><br style=\"\u201dheight: 4em\u201d;\" \/><br style=\"\u201dheight: 4em\u201d&amp;amp;amp;\" \/><\/p>\n<p><a rel=\"attachment wp-att-1316\" href=\"http:\/\/www.persoenlichkeitsberatung.ch\/?attachment_id=1316\"><img loading=\"lazy\" decoding=\"async\" class=\"alignleft size-full wp-image-1316\" title=\"farbdesign6\" src=\"http:\/\/www.persoenlichkeitsberatung.ch\/wp-content\/uploads\/farbdesign6.jpg\" alt=\"\" width=\"100\" height=\"121\" \/><\/a><\/p>\n<p>Kleine M\u00e4dchen schm\u00fccken sich mit Zwillings Kirschen.<br style=\"\u201dheight: 4em\u201d;\" \/><br style=\"\u201dheight: 4em\u201d;\" \/><br style=\"\u201dheight: 4em\u201d;\" \/><br style=\"\u201dheight: 4em\u201d;\" \/><br style=\"\u201dheight: 4em\u201d;\" \/><br style=\"\u201dheight: 4em\u201d;\" \/><br style=\"\u201dheight: 4em\u201d;\" \/><br style=\"\u201dheight: 4em\u201d;\" \/><br style=\"\u201dheight: 4em\u201d&amp;amp;amp;\" \/><\/p>\n<p><a rel=\"attachment wp-att-1317\" href=\"http:\/\/www.persoenlichkeitsberatung.ch\/?attachment_id=1317\"><img loading=\"lazy\" decoding=\"async\" class=\"alignleft size-full wp-image-1317\" title=\"farbdesign12\" src=\"http:\/\/www.persoenlichkeitsberatung.ch\/wp-content\/uploads\/farbdesign12.jpg\" alt=\"\" width=\"100\" height=\"156\" \/><\/a> . . . . .<\/p>\n<p><em> <\/em> . . .<br style=\"\u201dheight: 4em\u201d;\" \/><br style=\"\u201dheight: 4em\u201d;\" \/><br \/>\n<br style=\"\u201dheight: 4em\u201d;\" \/><br style=\"\u201dheight: 4em\u201d;\" \/><br style=\"\u201dheight: 4em\u201d;\" \/><br style=\"\u201dheight: 4em\u201d;\" \/><br style=\"\u201dheight: 4em\u201d;\" \/><br style=\"\u201dheight: 4em\u201d;\" \/><br style=\"\u201dheight: 4em\u201d;\" \/><br style=\"\u201dheight: 4em\u201d;\" \/><\/p>\n<p><a rel=\"attachment wp-att-1290\" href=\"http:\/\/www.persoenlichkeitsberatung.ch\/?attachment_id=1290\"><img loading=\"lazy\" decoding=\"async\" class=\"alignleft size-full wp-image-1290\" title=\"farbdesign7\" src=\"http:\/\/www.persoenlichkeitsberatung.ch\/wp-content\/uploads\/farbdesign7.jpg\" alt=\"\" width=\"100\" height=\"214\" \/><em> <\/em><\/a><\/p>\n<p><em> <\/em>Abgeerntete Kirschb\u00e4ume verh\u00fcllen ihre gr\u00fcne Farbe. Sie legen sich einen grauen Schleier um, bis die bald sp\u00e4rlicher scheinende Sonne ihnen erlaubt, ihre nun goldenen, roten und braunen Bl\u00e4tter los zu lassen, sich auszuruhen, Kr\u00e4fte zu sammeln bis zum n\u00e4chsten Erwachen, bei der n\u00e4chsten Wintersonnenwende.<br \/>\n<br style=\"\u201dheight: 4em\u201d&amp;amp;amp;\" \/><br \/>\n<em>Ein Blatt f\u00e4llt vom Baum an einem windstillen Tag&#8230;<\/em><\/p>\n<blockquote><p><em> <\/em><\/p><\/blockquote>\n<p><em> <\/em><\/p>\n<p><em><br style=\"\u201dheight: 4em\u201d;\" \/><br style=\"\u201dheight: 4em\u201d;\" \/><br style=\"\u201dheight: 4em\u201d;\" \/><br style=\"\u201dheight: 4em\u201d;\" \/><br style=\"\u201dheight: 4em\u201d;\" \/><br style=\"\u201dheight: 4em\u201d;\" \/><br style=\"\u201dheight: 4em\u201d;\" \/><br style=\"\u201dheight: 4em\u201d;\" \/><br style=\"\u201dheight: 4em\u201d;\" \/><br style=\"\u201dheight: 4em\u201d;\" \/><br \/>\n<strong>Jede Wirkung ist eine Summe der Erfahrung.<\/strong> Die Urerfahrungen des Menschen mit Farben der Natur sind als gemeinsame, kollektive Grunderfahrung, als Urbilder und Archetypen in unserem genetischen Ged\u00e4chtnis gespeichert. Jede Farbe hat also ihre eigene Gestalt, ihre Wirkung auf uns Menschen und somit vielschichtige Eindrucks- und Ausdrucksm\u00f6glichkeiten. Nehmen Sie sich die Zeit, betrachten Sie einmal in Ruhe einen Kristall Leuchter, dessen Licht sich in den liebevoll geschliffenen Glasteilen bricht, schillernd wie ein Regenbogen. Kommen da nicht unweigerlich Assoziationen zu weiten unber\u00fchrten Schneefeldern, im Sonnenlicht glitzernden Schneekristallen oder vielleicht eher zu Kirschbaumbl\u00fcten im Fr\u00fchling? Es sind die einfachen Dinge, die unser Leben veredeln, ein festlich glitzernder Leuchter l\u00e4sst eine graue Winternacht zum Fr\u00fchlingsversprechen erwachen.<\/em><\/p>\n<p><em>Die Nuancen eines Farbtones k\u00f6nnen von Gelb z.B. von zart aufgehellt, heiter, frisch, anregend [1] wirken. Als golden gl\u00e4nzendes Gelb werden sie zur Farbe des Reichtums. [2] Als goldener Schnitt die Grundlage f\u00fcr gestalterische Harmonie. Als gr\u00fcnliches Gelb zur Farbe des Giftigen [3] und als vertr\u00fcbtes Gelb [4] zur Farbe des Schmutzigen.<\/em><\/p>\n<p><em><img decoding=\"async\" src=\"..\/..\/img\/groen\/farbdesign.11.png\" alt=\"\" \/><\/em><\/p>\n<p><em><strong>Farbe und Material, Farbe und Form, Farbe und Umgebung, Farbe die auf die Umgebung wirkt, Umgebung die auf Farbe wirkt, sind Themen einer Farbgestaltung.<\/strong><\/em><\/p>\n<p><em><img decoding=\"async\" src=\"..\/..\/img\/groen\/farbdesign.10.png\" alt=\"\" \/>Kirschbaum Parkett<\/em><\/p>\n<p><em><strong>Farbdesign gestaltet Stimmungen \u00fcber das Medium Farbe<\/strong><br \/>\nDa Farben direkt auf unsere Sinnesorgane einwirken und Syn\u00e4sthesien ausl\u00f6sen, wirken Farben ganzheitlich auf den Menschen ein. Das Wort Syn\u00e4sthesie kommt aus dem Griechischen und heisst Mitempfindung. Darunter versteht man die psychische F\u00e4higkeit, unterschiedliche Reize miteinander zu verschmelzen. Bei Erregung eines Sinnesorgans, in unserem Fall prim\u00e4r der Augen, werden auch andere Sinnesorgane angesprochen.<br \/>\nT\u00f6ne und Kl\u00e4nge bestimmten Farben zuzuordnen wurde bereits in der Antike ge\u00fcbt.<\/em><\/p>\n<p><em>Welchen Ton verbinden Sie mit der Farbe Rot? Welchen Farbenklang hat Chopins Walzer in Des-dur, Op.64 no 1?<\/em><\/p>\n<p><em><strong>Farbdesign entscheidet die Atmosph\u00e4re eines Raumes <\/strong><br \/>\nFarbdesign kann die Anmutungsqualit\u00e4t eines Raumes oder Objektes in seiner Aussage direkt bestimmen. Anmut wurde zun\u00e4chst im Sinne von &#8218;Verlangen, Lust, Vergn\u00fcgen&#8216; verwendet. &#8218;Die Anmutungsqualit\u00e4t betrifft die psychologische Beziehungsebene zwischen Mensch und Raum, wie z.B. das &#8218;psychische Klima&#8216; eines Raumes, sein Ambiente, die auf die Psyche wirkende Aussage eines Objektes&#8217;*. Die Anmutung ist somit die Weise, wie Wahrnehmung und Vorstellungen emotional beeindrucken und Gef\u00fchle ausl\u00f6sen.<\/em><\/p>\n<p><em><strong>Farbdesign besitzt Aufforderungscharakter<\/strong><br \/>\nAufforderungscharakter ist die Ausstrahlung eines Raumes oder eines Objektes, die die erste spontane und in der Regel nicht rationale Reaktion auf den Raum oder das Objekt beschreibt. Aufforderungscharakter bezieht sich auf die Akzeptanz oder die Ablehnung des Raumes, des Objektes.*<\/em><\/p>\n<p><em><strong>Farbdesign ist pr\u00e4gnant <\/strong><br \/>\nPr\u00e4gnanz ist ein wesentlicher Faktor funktionaler Farbgestaltung. Pr\u00e4gnanz bedeutet &#8218;Ausdruckssch\u00e4rfe&#8216;. Sie dient der Heraushebung spezifischer Bedeutungsgehalte und damit auch dem Verstehen der gestalterischen Absichten. Pr\u00e4gnante Gestaltung bringt eine spezifische klare Anschaulichkeit, einen charakteristischen Ausdruck hervor. Sie weist in sich selbst lebendige Spannung auf und setzt sich von Nachbareinfl\u00fcssen entschieden ab. Bei Farbkonzeptionen, die diesem grundlegenden Gestaltungskriterium gerecht werden, besteht am ehesten die Chance, dass sie so empfunden werden, wie sie gemeint sind.*<\/em><\/p>\n<p><em><strong>Farbdesign eignet an <\/strong><br \/>\nAneignung ist aus umweltpsychologischer Sicht ein Mechanismus, der s\u00e4mtliche Handlungsm\u00f6glichkeiten umfasst, die der Ergreifung oder der Inbesitznahme des Raumes oder des Objektes dient.*<\/em><\/p>\n<p><em><em>*Literatur zum Thema: Mensch- Farbe- Raum<br \/>\nRodeck, Meerwein, Mahnke. Verlagsanstalt Alexander Koch<br \/>\nISBN 3-87422-629-8<\/em><\/em><\/p>\n<hr \/>\n<p><em><strong>Frage:<\/strong> <\/em><\/p>\n<p><em>Welcher dieser drei Verpackungen repr\u00e4sentiert f\u00fcr Sie am ehesten den Inhalt, n\u00e4mlich Licht, und welche der drei Verpackungen am wenigsten?<\/em><\/p>\n<p><em><img decoding=\"async\" src=\"..\/..\/img\/groen\/farbdesign.14.jpg\" alt=\"\" \/><\/em><\/p>\n<p><em><strong>Antwort:<\/strong><br \/>\nBei 10 Testpersonen konnte somit eindeutig festgestellt werden, dass derselbe Inhalt sofort und eindeutig kommuniziert wird bei Nr. 3 und auch eindeutig bei Nr. 2., am wenigsten jedoch konnten die Testpersonen den Inhalt mit der Verpackung Nr. 1 in Verbindung bringen. Weshalb?<\/em><\/p>\n<p><em><strong>Nr. 1<\/strong><br \/>\nMit der Farbe Orange assoziiert der Mensch zwar W\u00e4rme, jedoch nicht Licht. Die ungl\u00fcckliche Kombination von vergrautem Orange und Grau bewirkt im Simultankontrast* eine stumpfe, vergraute Stimmung, die Birnen verlieren ihre zierliche Dynamik, werden von uns als m\u00fcde wankende, blau-graue Zapfen wahrgenommen.<br \/>\nDer Aufforderungscharakter ist nicht gegeben, wir lehnen das Produkt ab. Die Kommunikation und die Funktion sind nicht pr\u00e4gnant, da die Farben sich selbst in ihrem Ausdruck reduzieren und weder Klarheit noch Charakter des Inhaltes hervorheben. Wir haben keine Lust zur Aneignung des Produktes!<\/em><\/p>\n<p><em><strong>Nr. 2<\/strong><br \/>\nMit dem eindeutigen Hell-Dunkel Kontrast entsteht eine eindeutige Stimmung, das Produkt bringt Licht ins Dunkel, und zwar scheinbar mehr als 25W. Funktion und Kommunikation sind pr\u00e4gnant. Die Spannung der Farbkombination ist lebendig und setzt sich ganz klar von Nachbareinfl\u00fcssen ab. Sie fordert uns auf, das Produkt zu erwerben.<\/em><\/p>\n<p><em><strong>Nr. 3<\/strong><br \/>\nGelb ist die Farbe des Lichts! (Das Gelb d\u00fcrfte meiner Meinung nach noch heller sein). Diese Verpackung agiert besonders wirksam mit der Anmutung des Produktes. Mit der Weise wie unsere Wahrnehmung und Vorstellungen uns emotional beeindrucken und Gef\u00fchle ausl\u00f6sen. Eine simultan diffuse Vermischung wie beim Produkt Nr. 1 kann hier nicht entstehen. Die Aussage ist auf allen Ebenen eindeutig und fordert auf, uns das Produkt anzueignen.<\/em><\/p>\n<p><em> <\/em><\/p>\n","protected":false},"excerpt":{"rendered":"<p>Es sind die einfachen Dinge, die unser Leben veredeln, ein festlich glitzernder Leuchter l\u00e4sst eine graue Winternacht zum Fr\u00fchlingsversprechen erwachen. Farben sind ein Konzert der Emotionen. (Ernesto Bergantini &#8211; Designer) Farbdesign gestaltet Stimmungen \u00fcber das Medium Farbe. Farbdesign entscheidet die Atmosph\u00e4re eines Raumes. Farbdesign besitzt Aufforderungscharakter. Farbdesign ist pr\u00e4gnant. Farbdesign eignet an. Farbdesign wirkt! Mehr [&hellip;]<\/p>\n","protected":false},"author":1,"featured_media":0,"parent":0,"menu_order":3,"comment_status":"open","ping_status":"open","template":"","meta":{"footnotes":""},"_links":{"self":[{"href":"http:\/\/www.persoenlichkeitsberatung.ch\/index.php?rest_route=\/wp\/v2\/pages\/15"}],"collection":[{"href":"http:\/\/www.persoenlichkeitsberatung.ch\/index.php?rest_route=\/wp\/v2\/pages"}],"about":[{"href":"http:\/\/www.persoenlichkeitsberatung.ch\/index.php?rest_route=\/wp\/v2\/types\/page"}],"author":[{"embeddable":true,"href":"http:\/\/www.persoenlichkeitsberatung.ch\/index.php?rest_route=\/wp\/v2\/users\/1"}],"replies":[{"embeddable":true,"href":"http:\/\/www.persoenlichkeitsberatung.ch\/index.php?rest_route=%2Fwp%2Fv2%2Fcomments&post=15"}],"version-history":[{"count":108,"href":"http:\/\/www.persoenlichkeitsberatung.ch\/index.php?rest_route=\/wp\/v2\/pages\/15\/revisions"}],"predecessor-version":[{"id":113,"href":"http:\/\/www.persoenlichkeitsberatung.ch\/index.php?rest_route=\/wp\/v2\/pages\/15\/revisions\/113"}],"wp:attachment":[{"href":"http:\/\/www.persoenlichkeitsberatung.ch\/index.php?rest_route=%2Fwp%2Fv2%2Fmedia&parent=15"}],"curies":[{"name":"wp","href":"https:\/\/api.w.org\/{rel}","templated":true}]}}