{"id":28,"date":"2010-01-01T13:56:29","date_gmt":"2010-01-01T13:56:29","guid":{"rendered":"http:\/\/www.persoenlichkeitsberatung.ch\/backstage\/?page_id=28"},"modified":"2017-01-04T15:27:57","modified_gmt":"2017-01-04T14:27:57","slug":"grafische-kommunikation","status":"publish","type":"page","link":"http:\/\/www.persoenlichkeitsberatung.ch\/?page_id=28","title":{"rendered":"Grafische Kommunikation ultrazign"},"content":{"rendered":"<p><strong>Die Gestaltung der grafischen Kommunikationsmittel<br \/>\nist die Vorstufe f\u00fcr Ihren Erfolg!<\/strong><\/p>\n<p>Im Gef\u00e4ss der \u201eCorporate Identity\u201c bekommt Ihr Unternehmen einen K\u00f6rper. Darin sammeln sich Ihre Ideen, die erworbene Fachkompetenz, Ihre Investitionen, Ihre Leistungen und die Firmenkultur zum visuellen Erscheinungsbild.<\/p>\n<p><a href=\"http:\/\/www.persoenlichkeitsberatung.ch\/wp-content\/uploads\/Users_lili_Desktop_ultrazign-comix.gif\"><img loading=\"lazy\" decoding=\"async\" class=\"alignleft size-full wp-image-180\" title=\"_Users_lili_Desktop_ultrazign-comix\" src=\"http:\/\/www.persoenlichkeitsberatung.ch\/wp-content\/uploads\/Users_lili_Desktop_ultrazign-comix.gif\" alt=\"\" width=\"413\" height=\"326\" srcset=\"http:\/\/www.persoenlichkeitsberatung.ch\/wp-content\/uploads\/Users_lili_Desktop_ultrazign-comix.gif 413w, http:\/\/www.persoenlichkeitsberatung.ch\/wp-content\/uploads\/Users_lili_Desktop_ultrazign-comix-300x236.gif 300w\" sizes=\"(max-width: 413px) 100vw, 413px\" \/><\/a><\/p>\n<p>Als Kommunikationsgestalterinnen transportieren wir den spezifischen Charakter Ihrer Firma mittels visueller Zeichen und treffenden Worten<br \/>\nzu Ihren Kunden.<\/p>\n<p><strong>Wir gestalten Ihren \u00f6ffentlichen Auftritt verst\u00e4ndlich, unverwechselbar und einpr\u00e4gsam!<\/strong><br \/>\n<a href=\"http:\/\/www.persoenlichkeitsberatung.ch\/?page_id=132\"><br \/>\nUnsere Realisierungen <\/a><\/p>\n<h2>Lili Zeller<\/h2>\n<p><a href=\"http:\/\/www.persoenlichkeitsberatung.ch\/wp-content\/uploads\/liliportraitlight.jpg\"><img loading=\"lazy\" decoding=\"async\" class=\"alignleft size-full wp-image-126\" title=\"liliportraitlight\" src=\"http:\/\/www.persoenlichkeitsberatung.ch\/wp-content\/uploads\/liliportraitlight.jpg\" alt=\"\" width=\"156\" height=\"155\" srcset=\"http:\/\/www.persoenlichkeitsberatung.ch\/wp-content\/uploads\/liliportraitlight.jpg 156w, http:\/\/www.persoenlichkeitsberatung.ch\/wp-content\/uploads\/liliportraitlight-150x150.jpg 150w\" sizes=\"(max-width: 156px) 100vw, 156px\" \/><\/a><\/p>\n<p>Lili Zeller absolvierte in Allschwil eine Schriftenmalerlehre und zog 1994 nach Paris, wo sie sich zur Grafikerin weiterbildete. Lili pendelt zwischen Sch\u00f6nenbuch und Paris und hat sich nach<br \/>\n7 j\u00e4hriger T\u00e4tigkeit als Art Director in einer Werbeagentur selbst\u00e4ndig gemacht.<\/p>\n<p><span style=\"color: #99cc00;\">__________________________________________________________<\/span><\/p>\n<p>Ein paar Beispiele ihrer Realisierungen in der Werbeagentur:<\/p>\n<p><a href=\"http:\/\/www.persoenlichkeitsberatung.ch\/wp-content\/uploads\/lilirealisierungen1.jpg\"><img loading=\"lazy\" decoding=\"async\" class=\"alignleft size-full wp-image-128\" title=\"lilirealisierungen\" src=\"http:\/\/www.persoenlichkeitsberatung.ch\/wp-content\/uploads\/lilirealisierungen1.jpg\" alt=\"\" width=\"413\" height=\"1284\" srcset=\"http:\/\/www.persoenlichkeitsberatung.ch\/wp-content\/uploads\/lilirealisierungen1.jpg 413w, http:\/\/www.persoenlichkeitsberatung.ch\/wp-content\/uploads\/lilirealisierungen1-329x1024.jpg 329w\" sizes=\"(max-width: 413px) 100vw, 413px\" \/><\/a><\/p>\n","protected":false},"excerpt":{"rendered":"<p>Die Gestaltung der grafischen Kommunikationsmittel ist die Vorstufe f\u00fcr Ihren Erfolg! Im Gef\u00e4ss der \u201eCorporate Identity\u201c bekommt Ihr Unternehmen einen K\u00f6rper. Darin sammeln sich Ihre Ideen, die erworbene Fachkompetenz, Ihre Investitionen, Ihre Leistungen und die Firmenkultur zum visuellen Erscheinungsbild. Als Kommunikationsgestalterinnen transportieren wir den spezifischen Charakter Ihrer Firma mittels visueller Zeichen und treffenden Worten zu [&hellip;]<\/p>\n","protected":false},"author":1,"featured_media":0,"parent":0,"menu_order":2,"comment_status":"open","ping_status":"open","template":"","meta":{"footnotes":""},"_links":{"self":[{"href":"http:\/\/www.persoenlichkeitsberatung.ch\/index.php?rest_route=\/wp\/v2\/pages\/28"}],"collection":[{"href":"http:\/\/www.persoenlichkeitsberatung.ch\/index.php?rest_route=\/wp\/v2\/pages"}],"about":[{"href":"http:\/\/www.persoenlichkeitsberatung.ch\/index.php?rest_route=\/wp\/v2\/types\/page"}],"author":[{"embeddable":true,"href":"http:\/\/www.persoenlichkeitsberatung.ch\/index.php?rest_route=\/wp\/v2\/users\/1"}],"replies":[{"embeddable":true,"href":"http:\/\/www.persoenlichkeitsberatung.ch\/index.php?rest_route=%2Fwp%2Fv2%2Fcomments&post=28"}],"version-history":[{"count":48,"href":"http:\/\/www.persoenlichkeitsberatung.ch\/index.php?rest_route=\/wp\/v2\/pages\/28\/revisions"}],"predecessor-version":[{"id":3488,"href":"http:\/\/www.persoenlichkeitsberatung.ch\/index.php?rest_route=\/wp\/v2\/pages\/28\/revisions\/3488"}],"wp:attachment":[{"href":"http:\/\/www.persoenlichkeitsberatung.ch\/index.php?rest_route=%2Fwp%2Fv2%2Fmedia&parent=28"}],"curies":[{"name":"wp","href":"https:\/\/api.w.org\/{rel}","templated":true}]}}