{"id":6,"date":"2010-01-01T13:50:31","date_gmt":"2010-01-01T13:50:31","guid":{"rendered":"http:\/\/www.persoenlichkeitsberatung.ch\/backstage\/?page_id=6"},"modified":"2014-01-14T09:48:08","modified_gmt":"2014-01-14T08:48:08","slug":"beruf-laufbahn","status":"publish","type":"page","link":"http:\/\/www.persoenlichkeitsberatung.ch\/?page_id=6","title":{"rendered":"Berufs- &#038; Laufbahngestaltung"},"content":{"rendered":"<blockquote><p><em>Die meisten Menschen sterben als Kopien, obwohl sie als Originale geboren sind.<\/em><br \/>\n(Wau Holland)<\/p><\/blockquote>\n<p>Die Huter&#8217;sche Psychophysiognomik ist die Wissenschaft vom Ausdruck der Formen, Farben, Strahlungen und Bewegungsvorg\u00e4nge in der Natur und beim Menschen.<\/p>\n<h3>Das Ziel einer psychophysiognomischen Analyse ist, den Menschen zum Erkennen und Entwickeln der pers\u00f6nlichen Anlagen und Talente zu motivieren.<\/h3>\n<p>Eine psychophysiognomische Analyse entschl\u00fcsselt Ihren Wesenskern und Ihre Grundbed\u00fcrfnisse, sie f\u00fchrt Sie zu Ihren schlummernden Potenzialen, Anlagen und Talenten. Bei einer herk\u00f6mmlichen Berufs- und Laufbahnberatung werden oft nur die intellektuellen F\u00e4higkeiten in Betracht gezogen. Ihr K\u00f6rperbau, Ihre Kopf-, Gesichts- und Augenform, Mimik, Gestik und K\u00f6rpersprache sowie Handschrift, Zeichnungen, Sprache und sonstige Leistungen sind jedoch ebenso Ausdruck Ihrer Pers\u00f6nlichkeit. Die Huter&#8217;sche Psychophysiognomik lehrt, dass Physiognomie und Charakter, Form und Seele eine Einheit bilden und dass es zwischen diesen keinen Widerspruch gibt. Das Werk eines K\u00fcnstlers oder eines Handwerkers ist ebenso Ausdruck seiner Pers\u00f6nlichkeit wie seine Physiognomie.<br \/>\nDie Ausgangslage f\u00fcr eine psychophysiognomische Analyse ist so unterschiedlich wie es die Besonderheit Ihrer aktuellen Situation ist. Sind Sie am Ende Ihrer regul\u00e4ren Schulzeit angelangt und wissen nicht, ob und welche Lehre oder weiterf\u00fchrende Schulen, besser zu Ihnen passt? Sind Sie bereits an einer Hochschule immatrikuliert und bemerken, dass Ihre Vorstellungen dar\u00fcber nicht mit der Realit\u00e4t \u00fcbereinstimmen? Arbeiten Sie schon l\u00e4ngere Zeit auf Ihrem Beruf und suchen nach neuen Herausforderungen?<\/p>\n<p>Haben sie Lust auf eine Entdeckungsreise zu Ihren Potenzialen?<\/p>\n<p><img decoding=\"async\" onmouseover=\"this.src='..\/..\/img\/oranje\/augen1.1.png'\" onmouseout=\"this.src='..\/..\/img\/oranje\/augen1.0.png'\" src=\"..\/..\/img\/oranje\/augen1.0.png\" alt=\"\" \/><img decoding=\"async\" onmouseover=\"this.src='..\/img\/oranje\/augen2.1.png'\" onmouseout=\"this.src='..\/img\/oranje\/augen2.0.png'\" src=\"..\/..\/img\/oranje\/augen2.0.png\" alt=\"\" \/><br \/>\n<img decoding=\"async\" onmouseover=\"this.src='..\/img\/oranje\/augen3.1.png'\" onmouseout=\"this.src='..\/img\/oranje\/augen3.0.png'\" src=\"..\/..\/img\/oranje\/augen3.0.png\" alt=\"\" \/><img decoding=\"async\" onmouseover=\"this.src='..\/img\/oranje\/augen4.1.png'\" onmouseout=\"this.src='..\/img\/oranje\/augen4.0.png'\" src=\"..\/..\/img\/oranje\/augen4.0.png\" alt=\"\" \/><br \/>\n<img decoding=\"async\" onmouseover=\"this.src='..\/img\/oranje\/augen5.1.png'\" onmouseout=\"this.src='..\/img\/oranje\/augen5.0.png'\" src=\"..\/..\/img\/oranje\/augen5.0.png\" alt=\"\" \/><img decoding=\"async\" onmouseover=\"this.src='..\/img\/oranje\/augen6.1.png'\" onmouseout=\"this.src='..\/img\/oranje\/augen6.0.png'\" src=\"..\/..\/img\/oranje\/augen6.0.png\" alt=\"\" \/><\/p>\n<p><em>Niemand weiss, was in ihm drinsteckt, solange er nicht versucht hat, es heraus zu holen.<\/em><br \/>\n(Ernest Hemingway)<\/p>\n<h4>Der Weg zur Verwirklichung ihrer W\u00fcnsche und Tr\u00e4ume geht \u00fcber das Erkennen ihrer individuellen M\u00f6glichkeiten.<\/h4>\n<h4>In den Formen und Farben lebt der Geist.<\/h4>\n<p><strong>Analyse:<\/strong> Anlagen, Talente, Wesensart<\/p>\n<p><strong>Synthese:<\/strong> <a href=\"?page_id=11\"><strong>P<\/strong>.ersonal <strong>C<\/strong>.orporate <strong>I<\/strong>.dentity<\/a> (Pers\u00f6nlichkeitsprofil)<\/p>\n<p>F\u00fcr Preise siehe <a href=\"?page_id=23#tarife\">Kontakt.<\/a><\/p>\n<p>Betrachten Sie das <a href=\"?page_id=227\">TV Interview<\/a> zum Thema.<\/p>\n<p>Lesen Sie \u00fcber <a href=\"?page_id=21\">Erfahrungen<\/a> nach einer psychophysiognomischen Beratung.<\/p>\n<p>Auch Geschenkgutscheine erh\u00e4ltlich:<a href=\"http:\/\/www.persoenlichkeitsberatung.ch\/wp-content\/uploads\/gutschein-berufs.jpg\"><img loading=\"lazy\" decoding=\"async\" class=\"alignleft size-full wp-image-1577\" title=\"gutschein-berufs\" src=\"http:\/\/www.persoenlichkeitsberatung.ch\/wp-content\/uploads\/gutschein-berufs.jpg\" alt=\"\" width=\"413\" height=\"578\" srcset=\"http:\/\/www.persoenlichkeitsberatung.ch\/wp-content\/uploads\/gutschein-berufs.jpg 413w, http:\/\/www.persoenlichkeitsberatung.ch\/wp-content\/uploads\/gutschein-berufs-357x500.jpg 357w\" sizes=\"(max-width: 413px) 100vw, 413px\" \/><\/a><br \/>\n<a href=\"http:\/\/www.persoenlichkeitsberatung.ch\/wp-content\/uploads\/gutschein-pers-laufbahn.jpg\"><img loading=\"lazy\" decoding=\"async\" class=\"alignleft size-full wp-image-1578\" title=\"gutschein-pers-laufbahn\" src=\"http:\/\/www.persoenlichkeitsberatung.ch\/wp-content\/uploads\/gutschein-pers-laufbahn.jpg\" alt=\"\" width=\"413\" height=\"578\" srcset=\"http:\/\/www.persoenlichkeitsberatung.ch\/wp-content\/uploads\/gutschein-pers-laufbahn.jpg 413w, http:\/\/www.persoenlichkeitsberatung.ch\/wp-content\/uploads\/gutschein-pers-laufbahn-357x500.jpg 357w\" sizes=\"(max-width: 413px) 100vw, 413px\" \/><\/a><br \/>\n<a href=\"http:\/\/www.persoenlichkeitsberatung.ch\/wp-content\/uploads\/gutschein-pci.jpg\"><img loading=\"lazy\" decoding=\"async\" class=\"alignleft size-full wp-image-1579\" title=\"gutschein-pci\" src=\"http:\/\/www.persoenlichkeitsberatung.ch\/wp-content\/uploads\/gutschein-pci.jpg\" alt=\"\" width=\"413\" height=\"578\" srcset=\"http:\/\/www.persoenlichkeitsberatung.ch\/wp-content\/uploads\/gutschein-pci.jpg 413w, http:\/\/www.persoenlichkeitsberatung.ch\/wp-content\/uploads\/gutschein-pci-357x500.jpg 357w\" sizes=\"(max-width: 413px) 100vw, 413px\" \/><\/a><\/p>\n","protected":false},"excerpt":{"rendered":"<p>Die meisten Menschen sterben als Kopien, obwohl sie als Originale geboren sind. (Wau Holland) Die Huter&#8217;sche Psychophysiognomik ist die Wissenschaft vom Ausdruck der Formen, Farben, Strahlungen und Bewegungsvorg\u00e4nge in der Natur und beim Menschen. Das Ziel einer psychophysiognomischen Analyse ist, den Menschen zum Erkennen und Entwickeln der pers\u00f6nlichen Anlagen und Talente zu motivieren. Eine psychophysiognomische [&hellip;]<\/p>\n","protected":false},"author":1,"featured_media":0,"parent":0,"menu_order":0,"comment_status":"open","ping_status":"open","template":"","meta":{"footnotes":""},"_links":{"self":[{"href":"http:\/\/www.persoenlichkeitsberatung.ch\/index.php?rest_route=\/wp\/v2\/pages\/6"}],"collection":[{"href":"http:\/\/www.persoenlichkeitsberatung.ch\/index.php?rest_route=\/wp\/v2\/pages"}],"about":[{"href":"http:\/\/www.persoenlichkeitsberatung.ch\/index.php?rest_route=\/wp\/v2\/types\/page"}],"author":[{"embeddable":true,"href":"http:\/\/www.persoenlichkeitsberatung.ch\/index.php?rest_route=\/wp\/v2\/users\/1"}],"replies":[{"embeddable":true,"href":"http:\/\/www.persoenlichkeitsberatung.ch\/index.php?rest_route=%2Fwp%2Fv2%2Fcomments&post=6"}],"version-history":[{"count":18,"href":"http:\/\/www.persoenlichkeitsberatung.ch\/index.php?rest_route=\/wp\/v2\/pages\/6\/revisions"}],"predecessor-version":[{"id":123,"href":"http:\/\/www.persoenlichkeitsberatung.ch\/index.php?rest_route=\/wp\/v2\/pages\/6\/revisions\/123"}],"wp:attachment":[{"href":"http:\/\/www.persoenlichkeitsberatung.ch\/index.php?rest_route=%2Fwp%2Fv2%2Fmedia&parent=6"}],"curies":[{"name":"wp","href":"https:\/\/api.w.org\/{rel}","templated":true}]}}