{"id":8,"date":"2010-01-01T13:50:51","date_gmt":"2010-01-01T13:50:51","guid":{"rendered":"http:\/\/www.persoenlichkeitsberatung.ch\/backstage\/?page_id=8"},"modified":"2010-01-10T23:16:35","modified_gmt":"2010-01-10T22:16:35","slug":"merh-zum-thema","status":"publish","type":"page","link":"http:\/\/www.persoenlichkeitsberatung.ch\/?page_id=8","title":{"rendered":"Mehr zum Thema Berufs- &#038; Laufbahngestaltung"},"content":{"rendered":"<p>Mimik, Gestik und K\u00f6rpersprache sind aktuelle Interaktion, die Physiognomie eines Menschen zeigt in ihren Formen, Farben, in Spannung und in ihrer Ausstrahlung, die best\u00e4ndigen, inneren, Naturell typischen Vorg\u00e4nge, die Art und Weise, wie ein Mensch unaufh\u00f6rlich wahrnimmt, seine Wahrnehmung verarbeitet und kommuniziert.<\/p>\n<h4>Die Grundlagen der Psychophysiognomik<\/h4>\n<p>Der Begr\u00fcnder der Psychophysiognomik Carl Huter (1861 &#8211; 1912) belegt seine Naturelllehre mit der so genannten Keimblatt-Theorie.<\/p>\n<p>Im Keimblattstadium des Embryos entwickeln sich schon kurze Zeit nach der Befruchtung die drei Grundorgansysteme des Menschen f\u00fcr das Empfinden, die Ern\u00e4hrung und die Bewegung.<\/p>\n<p>Aus dem ersten, \u00e4usseren Keimblatt (Ektoderm) entfaltet sich die Empfindungsanlage mit der Haut, den peripheren Nervenenden, den \u00e4usseren Sinnesorganen, den Leitungsnerven sowie dem Zentralnervensystem (Gehirn und R\u00fcckenmark). Aus dem zweiten, inneren Keimblatt (Entoderm) entsteht das Ern\u00e4hrungssystem mit dem Verdauungsapparat, dem Atmungs- und Blutgef\u00e4sssystem und der Haut, soweit diese als Atmungs- und Dr\u00fcsenapparat in Frage kommt. Aus dem dritten, mittleren Keimblatt (Mesoderm) entwickelt sich schliesslich das Bewegungssystem mit den Knochen, den Muskeln, dem Bindegewebe, den Sehnen, Knorpeln und B\u00e4ndern und teilweise auch dem Blut- und Lymphgef\u00e4sssystem.<\/p>\n<p>Die qualitative und quantitative Anlage der drei Keimbl\u00e4tter ist f\u00fcr den Bau und die Funktionsweise des menschlichen Organismus Ausschlag gebend und bildet das Naturell.<\/p>\n<p>Die drei Grundnaturelle sind: das Empfindungsnaturell (Feingef\u00fchl), das Ern\u00e4hrungsnaturell (\u00d6konomie) und das Bewegungsnaturell (Dynamik).<\/p>\n<p>Das Naturell repr\u00e4sentiert somit die psychophysiologische Einheit und Ganzheit. Den Formtypus des Gesamtk\u00f6rpers, den Strukturtypus nach anatomischer, physikalischer und biochemischer Richtung. Der physiologische und seelisch geistige Grundtypus umfasst die Grundwesensart, die Grundbed\u00fcrfnisse und Neigungen. In ihm sind alle individuellen Eigenarten nach der Hauptrichtung zusammengefasst. Das Naturell ist zeitlich relativ stabil.<\/p>\n<p>Selten ist nur eine Anlage vorherrschend. Mischtypen ergeben sich, wenn zum Beispiel die Bewegungs- mit der Empfindungsanlage verschmilzt, die Ern\u00e4hrungsanlage jedoch zur\u00fccktritt und so weiter. Der K\u00f6rperbautypus, die Kopf- und Gesichtsform, Mimik, Gestik, K\u00f6rpersprache, Haltung und Ausstrahlung, bringen die individuellen Anlagen und Talente zum Ausdruck.<\/p>\n<p>Die moderne Psychophysiognomik wendet diese Erkenntnisse beratend und unterst\u00fctzend bei Fragen der Berufs- und Studienwahl, bei der Laufbahngestaltung, bei der Personalf\u00fchrung sowie bei sozialen Beziehungsfragen an. Das Ziel der psychophysiognomischen Beratung ist es, den Menschen in seinem beruflichen und privaten Umfeld zum Erkennen und Entwickeln der pers\u00f6nlichen Anlagen und Talente zu motivieren und ihn in eine positive Richtung zu f\u00f6rdern.<\/p>\n<p><em>* Literatur und Bild (Naturellschema Zeichnung: Erich Mellerke S.313) zum Thema: Fritz Aerni Lehrbuch der Menschenkenntnis, 3. Auflage 2003 Carl-Huter-Verlag GmbH, Ohm-Str. 14, CH 8050 Z\u00fcrich ISBN 3-89677-750-5.<\/em><\/p>\n<p>Lesen Sie die psychophysiognomische Analyse zu Thomas Platter in <a href=\"?page_id=19\">Arbeitsst\u00fccke<\/a>.<\/p>\n<p>Betrachten Sie das <a href=\"?page_id=227\">TV Interview<\/a> zum Thema.<\/p>\n<p>Lesen Sie \u00fcber <a href=\"?page_id=21\">Erfahrungen<\/a> nach einer psychophysiognomischen Beratung.<\/p>\n","protected":false},"excerpt":{"rendered":"<p>Mimik, Gestik und K\u00f6rpersprache sind aktuelle Interaktion, die Physiognomie eines Menschen zeigt in ihren Formen, Farben, in Spannung und in ihrer Ausstrahlung, die best\u00e4ndigen, inneren, Naturell typischen Vorg\u00e4nge, die Art und Weise, wie ein Mensch unaufh\u00f6rlich wahrnimmt, seine Wahrnehmung verarbeitet und kommuniziert. Die Grundlagen der Psychophysiognomik Der Begr\u00fcnder der Psychophysiognomik Carl Huter (1861 &#8211; 1912) [&hellip;]<\/p>\n","protected":false},"author":1,"featured_media":0,"parent":6,"menu_order":0,"comment_status":"open","ping_status":"open","template":"","meta":{"footnotes":""},"_links":{"self":[{"href":"http:\/\/www.persoenlichkeitsberatung.ch\/index.php?rest_route=\/wp\/v2\/pages\/8"}],"collection":[{"href":"http:\/\/www.persoenlichkeitsberatung.ch\/index.php?rest_route=\/wp\/v2\/pages"}],"about":[{"href":"http:\/\/www.persoenlichkeitsberatung.ch\/index.php?rest_route=\/wp\/v2\/types\/page"}],"author":[{"embeddable":true,"href":"http:\/\/www.persoenlichkeitsberatung.ch\/index.php?rest_route=\/wp\/v2\/users\/1"}],"replies":[{"embeddable":true,"href":"http:\/\/www.persoenlichkeitsberatung.ch\/index.php?rest_route=%2Fwp%2Fv2%2Fcomments&post=8"}],"version-history":[{"count":11,"href":"http:\/\/www.persoenlichkeitsberatung.ch\/index.php?rest_route=\/wp\/v2\/pages\/8\/revisions"}],"predecessor-version":[{"id":345,"href":"http:\/\/www.persoenlichkeitsberatung.ch\/index.php?rest_route=\/wp\/v2\/pages\/8\/revisions\/345"}],"up":[{"embeddable":true,"href":"http:\/\/www.persoenlichkeitsberatung.ch\/index.php?rest_route=\/wp\/v2\/pages\/6"}],"wp:attachment":[{"href":"http:\/\/www.persoenlichkeitsberatung.ch\/index.php?rest_route=%2Fwp%2Fv2%2Fmedia&parent=8"}],"curies":[{"name":"wp","href":"https:\/\/api.w.org\/{rel}","templated":true}]}}